{"id":4822,"date":"2026-02-10T16:52:07","date_gmt":"2026-02-10T16:52:07","guid":{"rendered":"https:\/\/baoulecore.com\/?post_type=product&#038;p=4822"},"modified":"2026-04-01T11:54:15","modified_gmt":"2026-04-01T11:54:15","slug":"kouame-black-show-ahoungnan","status":"publish","type":"product","link":"https:\/\/baoulecore.com\/fr\/kouame-black-show-ahoungnan\/","title":{"rendered":"Kouam\u00e9 et le Black Show \u2014 Ahoungnan, 80\/90 (C\u00f4te d\u2019Ivoire)"},"content":{"rendered":"<p>\nKouam\u00e9 et le Black Show livrent un slow folk ivoirien subtil et m\u00e9lodique sur Ahoungnan. Voix chaleureuse, guitares acoustiques et arrangements simples mais efficaces, ce disque du label Ngassi capture l\u2019intimit\u00e9 et l\u2019\u00e9motion de la sc\u00e8ne populaire ivoirienne des ann\u00e9es 90.\n<\/p>\n<p>&nbsp;<\/p>\n<p>\n<em>\u00c9tat : Pochette VG+. Media VG.<\/em><\/p>\n","protected":false},"excerpt":{"rendered":"<p>\nKouam\u00e9 et le Black Show livrent un slow folk ivoirien subtil et m\u00e9lodique sur Ahoungnan. Voix chaleureuse, guitares acoustiques et arrangements simples mais efficaces, ce disque du label Ngassi capture l\u2019intimit\u00e9 et l\u2019\u00e9motion de la sc\u00e8ne populaire ivoirienne des ann\u00e9es 90.\n<\/p>\n<p>&nbsp;<\/p>\n<p>\n<em>\u00c9tat : Pochette VG+. Media VG.<\/em><\/p>\n","protected":false},"featured_media":4759,"template":"","meta":{"site-sidebar-layout":"default","site-content-layout":"","ast-site-content-layout":"default","site-content-style":"default","site-sidebar-style":"default","ast-global-header-display":"","ast-banner-title-visibility":"","ast-main-header-display":"","ast-hfb-above-header-display":"","ast-hfb-below-header-display":"","ast-hfb-mobile-header-display":"","site-post-title":"","ast-breadcrumbs-content":"","ast-featured-img":"","footer-sml-layout":"","ast-disable-related-posts":"","theme-transparent-header-meta":"default","adv-header-id-meta":"","stick-header-meta":"","header-above-stick-meta":"","header-main-stick-meta":"","header-below-stick-meta":"","astra-migrate-meta-layouts":"set","ast-page-background-enabled":"default","ast-page-background-meta":{"desktop":{"background-color":"var(--ast-global-color-5)","background-image":"","background-repeat":"repeat","background-position":"center center","background-size":"auto","background-attachment":"scroll","background-type":"","background-media":"","overlay-type":"","overlay-color":"","overlay-opacity":"","overlay-gradient":""},"tablet":{"background-color":"","background-image":"","background-repeat":"repeat","background-position":"center center","background-size":"auto","background-attachment":"scroll","background-type":"","background-media":"","overlay-type":"","overlay-color":"","overlay-opacity":"","overlay-gradient":""},"mobile":{"background-color":"","background-image":"","background-repeat":"repeat","background-position":"center center","background-size":"auto","background-attachment":"scroll","background-type":"","background-media":"","overlay-type":"","overlay-color":"","overlay-opacity":"","overlay-gradient":""}},"ast-content-background-meta":{"desktop":{"background-color":"var(--ast-global-color-4)","background-image":"","background-repeat":"repeat","background-position":"center center","background-size":"auto","background-attachment":"scroll","background-type":"","background-media":"","overlay-type":"","overlay-color":"","overlay-opacity":"","overlay-gradient":""},"tablet":{"background-color":"var(--ast-global-color-4)","background-image":"","background-repeat":"repeat","background-position":"center center","background-size":"auto","background-attachment":"scroll","background-type":"","background-media":"","overlay-type":"","overlay-color":"","overlay-opacity":"","overlay-gradient":""},"mobile":{"background-color":"var(--ast-global-color-4)","background-image":"","background-repeat":"repeat","background-position":"center center","background-size":"auto","background-attachment":"scroll","background-type":"","background-media":"","overlay-type":"","overlay-color":"","overlay-opacity":"","overlay-gradient":""}}},"product_brand":[971],"product_cat":[981],"product_tag":[501,972],"class_list":{"0":"post-4822","1":"product","2":"type-product","3":"status-publish","4":"has-post-thumbnail","6":"product_brand-kouame-et-le-black-show","7":"product_cat-disques","8":"product_tag-folk","9":"product_tag-slow","10":"pa_annee-1980-1989","11":"pa_annee-1990-1999","12":"pa_etat-du-disque-very_good","13":"pa_pochette-very-good-plus","14":"pa_product-origin-cote-divoire","15":"pa_type-de-produit-vinyles","16":"desktop-align-left","17":"tablet-align-left","18":"mobile-align-left","20":"first","21":"instock","22":"taxable","23":"shipping-taxable","24":"purchasable","25":"product-type-simple"},"_links":{"self":[{"href":"https:\/\/baoulecore.com\/fr\/wp-json\/wp\/v2\/product\/4822","targetHints":{"allow":["GET"]}}],"collection":[{"href":"https:\/\/baoulecore.com\/fr\/wp-json\/wp\/v2\/product"}],"about":[{"href":"https:\/\/baoulecore.com\/fr\/wp-json\/wp\/v2\/types\/product"}],"wp:featuredmedia":[{"embeddable":true,"href":"https:\/\/baoulecore.com\/fr\/wp-json\/wp\/v2\/media\/4759"}],"wp:attachment":[{"href":"https:\/\/baoulecore.com\/fr\/wp-json\/wp\/v2\/media?parent=4822"}],"wp:term":[{"taxonomy":"product_brand","embeddable":true,"href":"https:\/\/baoulecore.com\/fr\/wp-json\/wp\/v2\/product_brand?post=4822"},{"taxonomy":"product_cat","embeddable":true,"href":"https:\/\/baoulecore.com\/fr\/wp-json\/wp\/v2\/product_cat?post=4822"},{"taxonomy":"product_tag","embeddable":true,"href":"https:\/\/baoulecore.com\/fr\/wp-json\/wp\/v2\/product_tag?post=4822"}],"curies":[{"name":"wp","href":"https:\/\/api.w.org\/{rel}","templated":true}]}}