{"id":4815,"date":"2026-02-09T17:25:12","date_gmt":"2026-02-09T17:25:12","guid":{"rendered":"https:\/\/baoulecore.com\/?post_type=product&#038;p=4815"},"modified":"2026-03-19T14:17:20","modified_gmt":"2026-03-19T14:17:20","slug":"the-apostles","status":"publish","type":"product","link":"https:\/\/baoulecore.com\/fr\/the-apostles\/","title":{"rendered":"The Apostles \u2014 The Apostles, 1976 (Nigeria)"},"content":{"rendered":"","protected":false},"excerpt":{"rendered":"<p data-start=\"180\" data-end=\"530\">\nAlbum culte de rock psych\u00e9d\u00e9lique nig\u00e9rian, m\u00ealant funk brut, guitares fuzz et touches spirituelles. Sorti sur EMI, il capture l\u2019\u00e9nergie exp\u00e9rimentale du Lagos des ann\u00e9es 70, o\u00f9 rock, soul et afro-psych\u00e9d\u00e9lisme se rencontraient.\n<\/p>\n<p>&nbsp;<\/p>\n<p data-start=\"532\" data-end=\"596\">\n<em>Etat : Media visuellement G+ mais lecture VG. Pochette G+.<\/em><\/p>\n","protected":false},"featured_media":4775,"template":"","meta":{"site-sidebar-layout":"default","site-content-layout":"","ast-site-content-layout":"default","site-content-style":"default","site-sidebar-style":"default","ast-global-header-display":"","ast-banner-title-visibility":"","ast-main-header-display":"","ast-hfb-above-header-display":"","ast-hfb-below-header-display":"","ast-hfb-mobile-header-display":"","site-post-title":"","ast-breadcrumbs-content":"","ast-featured-img":"","footer-sml-layout":"","ast-disable-related-posts":"","theme-transparent-header-meta":"default","adv-header-id-meta":"","stick-header-meta":"","header-above-stick-meta":"","header-main-stick-meta":"","header-below-stick-meta":"","astra-migrate-meta-layouts":"set","ast-page-background-enabled":"default","ast-page-background-meta":{"desktop":{"background-color":"var(--ast-global-color-5)","background-image":"","background-repeat":"repeat","background-position":"center center","background-size":"auto","background-attachment":"scroll","background-type":"","background-media":"","overlay-type":"","overlay-color":"","overlay-opacity":"","overlay-gradient":""},"tablet":{"background-color":"","background-image":"","background-repeat":"repeat","background-position":"center center","background-size":"auto","background-attachment":"scroll","background-type":"","background-media":"","overlay-type":"","overlay-color":"","overlay-opacity":"","overlay-gradient":""},"mobile":{"background-color":"","background-image":"","background-repeat":"repeat","background-position":"center center","background-size":"auto","background-attachment":"scroll","background-type":"","background-media":"","overlay-type":"","overlay-color":"","overlay-opacity":"","overlay-gradient":""}},"ast-content-background-meta":{"desktop":{"background-color":"var(--ast-global-color-4)","background-image":"","background-repeat":"repeat","background-position":"center center","background-size":"auto","background-attachment":"scroll","background-type":"","background-media":"","overlay-type":"","overlay-color":"","overlay-opacity":"","overlay-gradient":""},"tablet":{"background-color":"var(--ast-global-color-4)","background-image":"","background-repeat":"repeat","background-position":"center center","background-size":"auto","background-attachment":"scroll","background-type":"","background-media":"","overlay-type":"","overlay-color":"","overlay-opacity":"","overlay-gradient":""},"mobile":{"background-color":"var(--ast-global-color-4)","background-image":"","background-repeat":"repeat","background-position":"center center","background-size":"auto","background-attachment":"scroll","background-type":"","background-media":"","overlay-type":"","overlay-color":"","overlay-opacity":"","overlay-gradient":""}}},"product_brand":[952],"product_cat":[981],"product_tag":[503,539,624,537],"class_list":{"0":"post-4815","1":"product","2":"type-product","3":"status-publish","4":"has-post-thumbnail","6":"product_brand-the-apostles","7":"product_cat-disques","8":"product_tag-funk","9":"product_tag-funk-soul","10":"product_tag-psychedelic-rock","11":"product_tag-rock","12":"pa_annee-1980-1989","13":"pa_etat-du-disque-good_plus","14":"pa_etat-du-disque-very_good","15":"pa_pochette-good-plus","16":"pa_product-origin-nigeria","17":"pa_type-de-produit-vinyles","18":"desktop-align-left","19":"tablet-align-left","20":"mobile-align-left","22":"first","23":"instock","24":"taxable","25":"shipping-taxable","26":"purchasable","27":"product-type-simple"},"_links":{"self":[{"href":"https:\/\/baoulecore.com\/fr\/wp-json\/wp\/v2\/product\/4815","targetHints":{"allow":["GET"]}}],"collection":[{"href":"https:\/\/baoulecore.com\/fr\/wp-json\/wp\/v2\/product"}],"about":[{"href":"https:\/\/baoulecore.com\/fr\/wp-json\/wp\/v2\/types\/product"}],"wp:featuredmedia":[{"embeddable":true,"href":"https:\/\/baoulecore.com\/fr\/wp-json\/wp\/v2\/media\/4775"}],"wp:attachment":[{"href":"https:\/\/baoulecore.com\/fr\/wp-json\/wp\/v2\/media?parent=4815"}],"wp:term":[{"taxonomy":"product_brand","embeddable":true,"href":"https:\/\/baoulecore.com\/fr\/wp-json\/wp\/v2\/product_brand?post=4815"},{"taxonomy":"product_cat","embeddable":true,"href":"https:\/\/baoulecore.com\/fr\/wp-json\/wp\/v2\/product_cat?post=4815"},{"taxonomy":"product_tag","embeddable":true,"href":"https:\/\/baoulecore.com\/fr\/wp-json\/wp\/v2\/product_tag?post=4815"}],"curies":[{"name":"wp","href":"https:\/\/api.w.org\/{rel}","templated":true}]}}