{"id":4814,"date":"2026-02-09T17:15:17","date_gmt":"2026-02-09T17:15:17","guid":{"rendered":"https:\/\/baoulecore.com\/?post_type=product&#038;p=4814"},"modified":"2026-03-19T14:17:49","modified_gmt":"2026-03-19T14:17:49","slug":"eba-aka-jerome-hommage-jean-baptiste-mockey","status":"publish","type":"product","link":"https:\/\/baoulecore.com\/fr\/eba-aka-jerome-hommage-jean-baptiste-mockey\/","title":{"rendered":"Eba Aka J\u00e9r\u00f4me &#038; le Sanwi Star \u2014 Hommage \u00e0 Jean-Baptiste Mockey, 70\/80 (C\u00f4te d\u2019Ivoire)"},"content":{"rendered":"","protected":false},"excerpt":{"rendered":"<p>Hommage rare \u00e0 Jean-Baptiste Mockey, avec des arrangements soukouss et folk typiques de la C\u00f4te d\u2019Ivoire. Percussions l\u00e9g\u00e8res, guitares rythmiques, cuivres et voix chaude d\u2019Eba Aka J\u00e9r\u00f4me qui raconte et danse sur des th\u00e8mes engag\u00e9s. Un disque groovy et vivant, parfait pour d\u00e9couvrir le son populaire ivoirien des ann\u00e9es 70\/80.<\/p>\n<p>&nbsp;<\/p>\n<p><em>\u00c9tat : Pochette G. Media VG \/ VG+.<\/em><\/p>\n","protected":false},"featured_media":4755,"template":"","meta":{"site-sidebar-layout":"default","site-content-layout":"","ast-site-content-layout":"default","site-content-style":"default","site-sidebar-style":"default","ast-global-header-display":"","ast-banner-title-visibility":"","ast-main-header-display":"","ast-hfb-above-header-display":"","ast-hfb-below-header-display":"","ast-hfb-mobile-header-display":"","site-post-title":"","ast-breadcrumbs-content":"","ast-featured-img":"","footer-sml-layout":"","ast-disable-related-posts":"","theme-transparent-header-meta":"default","adv-header-id-meta":"","stick-header-meta":"","header-above-stick-meta":"","header-main-stick-meta":"","header-below-stick-meta":"","astra-migrate-meta-layouts":"set","ast-page-background-enabled":"default","ast-page-background-meta":{"desktop":{"background-color":"var(--ast-global-color-5)","background-image":"","background-repeat":"repeat","background-position":"center center","background-size":"auto","background-attachment":"scroll","background-type":"","background-media":"","overlay-type":"","overlay-color":"","overlay-opacity":"","overlay-gradient":""},"tablet":{"background-color":"","background-image":"","background-repeat":"repeat","background-position":"center center","background-size":"auto","background-attachment":"scroll","background-type":"","background-media":"","overlay-type":"","overlay-color":"","overlay-opacity":"","overlay-gradient":""},"mobile":{"background-color":"","background-image":"","background-repeat":"repeat","background-position":"center center","background-size":"auto","background-attachment":"scroll","background-type":"","background-media":"","overlay-type":"","overlay-color":"","overlay-opacity":"","overlay-gradient":""}},"ast-content-background-meta":{"desktop":{"background-color":"var(--ast-global-color-4)","background-image":"","background-repeat":"repeat","background-position":"center center","background-size":"auto","background-attachment":"scroll","background-type":"","background-media":"","overlay-type":"","overlay-color":"","overlay-opacity":"","overlay-gradient":""},"tablet":{"background-color":"var(--ast-global-color-4)","background-image":"","background-repeat":"repeat","background-position":"center center","background-size":"auto","background-attachment":"scroll","background-type":"","background-media":"","overlay-type":"","overlay-color":"","overlay-opacity":"","overlay-gradient":""},"mobile":{"background-color":"var(--ast-global-color-4)","background-image":"","background-repeat":"repeat","background-position":"center center","background-size":"auto","background-attachment":"scroll","background-type":"","background-media":"","overlay-type":"","overlay-color":"","overlay-opacity":"","overlay-gradient":""}}},"product_brand":[704],"product_cat":[981],"product_tag":[544,501,507],"class_list":{"0":"post-4814","1":"product","2":"type-product","3":"status-publish","4":"has-post-thumbnail","6":"product_brand-eba-aka-jerome","7":"product_cat-disques","8":"product_tag-african","9":"product_tag-folk","10":"product_tag-soukous","11":"pa_annee-1970-1979","12":"pa_etat-du-disque-very_good","13":"pa_etat-du-disque-very_good_plus","14":"pa_pochette-good","15":"pa_product-origin-cote-divoire","16":"pa_type-de-produit-vinyles","17":"desktop-align-left","18":"tablet-align-left","19":"mobile-align-left","21":"first","22":"instock","23":"taxable","24":"shipping-taxable","25":"purchasable","26":"product-type-simple"},"_links":{"self":[{"href":"https:\/\/baoulecore.com\/fr\/wp-json\/wp\/v2\/product\/4814","targetHints":{"allow":["GET"]}}],"collection":[{"href":"https:\/\/baoulecore.com\/fr\/wp-json\/wp\/v2\/product"}],"about":[{"href":"https:\/\/baoulecore.com\/fr\/wp-json\/wp\/v2\/types\/product"}],"wp:featuredmedia":[{"embeddable":true,"href":"https:\/\/baoulecore.com\/fr\/wp-json\/wp\/v2\/media\/4755"}],"wp:attachment":[{"href":"https:\/\/baoulecore.com\/fr\/wp-json\/wp\/v2\/media?parent=4814"}],"wp:term":[{"taxonomy":"product_brand","embeddable":true,"href":"https:\/\/baoulecore.com\/fr\/wp-json\/wp\/v2\/product_brand?post=4814"},{"taxonomy":"product_cat","embeddable":true,"href":"https:\/\/baoulecore.com\/fr\/wp-json\/wp\/v2\/product_cat?post=4814"},{"taxonomy":"product_tag","embeddable":true,"href":"https:\/\/baoulecore.com\/fr\/wp-json\/wp\/v2\/product_tag?post=4814"}],"curies":[{"name":"wp","href":"https:\/\/api.w.org\/{rel}","templated":true}]}}