{"id":4813,"date":"2026-02-09T16:57:05","date_gmt":"2026-02-09T16:57:05","guid":{"rendered":"https:\/\/baoulecore.com\/?post_type=product&#038;p=4813"},"modified":"2026-03-19T14:18:15","modified_gmt":"2026-03-19T14:18:15","slug":"djenzou-la-legende-baoule","status":"publish","type":"product","link":"https:\/\/baoulecore.com\/fr\/djenzou-la-legende-baoule\/","title":{"rendered":"DjenZou \u2014 La L\u00e9gende Baoul\u00e9 (C\u00f4te d\u2019Ivoire)"},"content":{"rendered":"","protected":false},"excerpt":{"rendered":"<p>Un disque qui raconte les l\u00e9gendes baoul\u00e9 \u00e0 travers chants, percussions et spoken word, m\u00ealant funk, soul et touches reggae. Voix narrative et rythmes enracin\u00e9s se croisent pour cr\u00e9er un vinyle \u00e0 la fois dansant et immersif dans la culture baoul\u00e9.<\/p>\n<p>&nbsp;<\/p>\n<p><em>\u00c9tat : Pochette VG+. Media VG \/ VG+.<\/em><\/p>\n","protected":false},"featured_media":4748,"template":"","meta":{"site-sidebar-layout":"default","site-content-layout":"","ast-site-content-layout":"default","site-content-style":"default","site-sidebar-style":"default","ast-global-header-display":"","ast-banner-title-visibility":"","ast-main-header-display":"","ast-hfb-above-header-display":"","ast-hfb-below-header-display":"","ast-hfb-mobile-header-display":"","site-post-title":"","ast-breadcrumbs-content":"","ast-featured-img":"","footer-sml-layout":"","ast-disable-related-posts":"","theme-transparent-header-meta":"default","adv-header-id-meta":"","stick-header-meta":"","header-above-stick-meta":"","header-main-stick-meta":"","header-below-stick-meta":"","astra-migrate-meta-layouts":"set","ast-page-background-enabled":"default","ast-page-background-meta":{"desktop":{"background-color":"var(--ast-global-color-5)","background-image":"","background-repeat":"repeat","background-position":"center center","background-size":"auto","background-attachment":"scroll","background-type":"","background-media":"","overlay-type":"","overlay-color":"","overlay-opacity":"","overlay-gradient":""},"tablet":{"background-color":"","background-image":"","background-repeat":"repeat","background-position":"center center","background-size":"auto","background-attachment":"scroll","background-type":"","background-media":"","overlay-type":"","overlay-color":"","overlay-opacity":"","overlay-gradient":""},"mobile":{"background-color":"","background-image":"","background-repeat":"repeat","background-position":"center center","background-size":"auto","background-attachment":"scroll","background-type":"","background-media":"","overlay-type":"","overlay-color":"","overlay-opacity":"","overlay-gradient":""}},"ast-content-background-meta":{"desktop":{"background-color":"var(--ast-global-color-4)","background-image":"","background-repeat":"repeat","background-position":"center center","background-size":"auto","background-attachment":"scroll","background-type":"","background-media":"","overlay-type":"","overlay-color":"","overlay-opacity":"","overlay-gradient":""},"tablet":{"background-color":"var(--ast-global-color-4)","background-image":"","background-repeat":"repeat","background-position":"center center","background-size":"auto","background-attachment":"scroll","background-type":"","background-media":"","overlay-type":"","overlay-color":"","overlay-opacity":"","overlay-gradient":""},"mobile":{"background-color":"var(--ast-global-color-4)","background-image":"","background-repeat":"repeat","background-position":"center center","background-size":"auto","background-attachment":"scroll","background-type":"","background-media":"","overlay-type":"","overlay-color":"","overlay-opacity":"","overlay-gradient":""}}},"product_brand":[951],"product_cat":[981],"product_tag":[544,695,501,539,584],"class_list":{"0":"post-4813","1":"product","2":"type-product","3":"status-publish","4":"has-post-thumbnail","6":"product_brand-djenzou","7":"product_cat-disques","8":"product_tag-african","9":"product_tag-blues","10":"product_tag-folk","11":"product_tag-funk-soul","12":"product_tag-reggae","13":"pa_annee-1970-1979","14":"pa_annee-1980-1989","15":"pa_etat-du-disque-very_good","16":"pa_etat-du-disque-very_good_plus","17":"pa_pochette-very-good-plus","18":"pa_product-origin-cote-divoire","19":"pa_type-de-produit-vinyles","20":"desktop-align-left","21":"tablet-align-left","22":"mobile-align-left","24":"first","25":"instock","26":"taxable","27":"shipping-taxable","28":"purchasable","29":"product-type-simple"},"_links":{"self":[{"href":"https:\/\/baoulecore.com\/fr\/wp-json\/wp\/v2\/product\/4813","targetHints":{"allow":["GET"]}}],"collection":[{"href":"https:\/\/baoulecore.com\/fr\/wp-json\/wp\/v2\/product"}],"about":[{"href":"https:\/\/baoulecore.com\/fr\/wp-json\/wp\/v2\/types\/product"}],"wp:featuredmedia":[{"embeddable":true,"href":"https:\/\/baoulecore.com\/fr\/wp-json\/wp\/v2\/media\/4748"}],"wp:attachment":[{"href":"https:\/\/baoulecore.com\/fr\/wp-json\/wp\/v2\/media?parent=4813"}],"wp:term":[{"taxonomy":"product_brand","embeddable":true,"href":"https:\/\/baoulecore.com\/fr\/wp-json\/wp\/v2\/product_brand?post=4813"},{"taxonomy":"product_cat","embeddable":true,"href":"https:\/\/baoulecore.com\/fr\/wp-json\/wp\/v2\/product_cat?post=4813"},{"taxonomy":"product_tag","embeddable":true,"href":"https:\/\/baoulecore.com\/fr\/wp-json\/wp\/v2\/product_tag?post=4813"}],"curies":[{"name":"wp","href":"https:\/\/api.w.org\/{rel}","templated":true}]}}