{"id":4811,"date":"2026-02-09T15:00:07","date_gmt":"2026-02-09T15:00:07","guid":{"rendered":"https:\/\/baoulecore.com\/?post_type=product&#038;p=4811"},"modified":"2026-04-01T11:53:10","modified_gmt":"2026-04-01T11:53:10","slug":"lamine-konte-bako","status":"publish","type":"product","link":"https:\/\/baoulecore.com\/fr\/lamine-konte-bako\/","title":{"rendered":"Lamine Kont\u00e9 \u2014 Bako \/ L\u2019Autre Rive, 1978 (S\u00e9n\u00e9gal)"},"content":{"rendered":"","protected":false},"excerpt":{"rendered":"<p>\nLamine Kont\u00e9 signe la bande originale du film Bako \/ L\u2019Autre Rive. Sorti sur le label Sonafric, ce LP m\u00eale folk africain, musiques de sc\u00e8ne et touches cin\u00e9matographiques. Percussions l\u00e9g\u00e8res, instruments traditionnels et atmosph\u00e8res immersives cr\u00e9ent une exp\u00e9rience sonore unique.\n<\/p>\n<p>&nbsp;<\/p>\n<p>\n<em>\u00c9tat : Media VG+. Pochette VG+.<\/em><\/p>\n","protected":false},"featured_media":4739,"template":"","meta":{"site-sidebar-layout":"default","site-content-layout":"","ast-site-content-layout":"default","site-content-style":"default","site-sidebar-style":"default","ast-global-header-display":"","ast-banner-title-visibility":"","ast-main-header-display":"","ast-hfb-above-header-display":"","ast-hfb-below-header-display":"","ast-hfb-mobile-header-display":"","site-post-title":"","ast-breadcrumbs-content":"","ast-featured-img":"","footer-sml-layout":"","ast-disable-related-posts":"","theme-transparent-header-meta":"default","adv-header-id-meta":"","stick-header-meta":"","header-above-stick-meta":"","header-main-stick-meta":"","header-below-stick-meta":"","astra-migrate-meta-layouts":"set","ast-page-background-enabled":"default","ast-page-background-meta":{"desktop":{"background-color":"var(--ast-global-color-5)","background-image":"","background-repeat":"repeat","background-position":"center center","background-size":"auto","background-attachment":"scroll","background-type":"","background-media":"","overlay-type":"","overlay-color":"","overlay-opacity":"","overlay-gradient":""},"tablet":{"background-color":"","background-image":"","background-repeat":"repeat","background-position":"center center","background-size":"auto","background-attachment":"scroll","background-type":"","background-media":"","overlay-type":"","overlay-color":"","overlay-opacity":"","overlay-gradient":""},"mobile":{"background-color":"","background-image":"","background-repeat":"repeat","background-position":"center center","background-size":"auto","background-attachment":"scroll","background-type":"","background-media":"","overlay-type":"","overlay-color":"","overlay-opacity":"","overlay-gradient":""}},"ast-content-background-meta":{"desktop":{"background-color":"var(--ast-global-color-4)","background-image":"","background-repeat":"repeat","background-position":"center center","background-size":"auto","background-attachment":"scroll","background-type":"","background-media":"","overlay-type":"","overlay-color":"","overlay-opacity":"","overlay-gradient":""},"tablet":{"background-color":"var(--ast-global-color-4)","background-image":"","background-repeat":"repeat","background-position":"center center","background-size":"auto","background-attachment":"scroll","background-type":"","background-media":"","overlay-type":"","overlay-color":"","overlay-opacity":"","overlay-gradient":""},"mobile":{"background-color":"var(--ast-global-color-4)","background-image":"","background-repeat":"repeat","background-position":"center center","background-size":"auto","background-attachment":"scroll","background-type":"","background-media":"","overlay-type":"","overlay-color":"","overlay-opacity":"","overlay-gradient":""}}},"product_brand":[950],"product_cat":[981],"product_tag":[544,501,974,973,969],"class_list":{"0":"post-4811","1":"product","2":"type-product","3":"status-publish","4":"has-post-thumbnail","6":"product_brand-lamine-konte","7":"product_cat-disques","8":"product_tag-african","9":"product_tag-folk","10":"product_tag-soundtrack","11":"product_tag-stage-screen","12":"product_tag-world-country","13":"pa_annee-1970-1979","14":"pa_etat-du-disque-very_good_plus","15":"pa_pochette-very-good-plus","16":"pa_product-origin-senegal","17":"pa_type-de-produit-vinyles","18":"desktop-align-left","19":"tablet-align-left","20":"mobile-align-left","22":"first","23":"outofstock","24":"taxable","25":"shipping-taxable","26":"purchasable","27":"product-type-simple"},"_links":{"self":[{"href":"https:\/\/baoulecore.com\/fr\/wp-json\/wp\/v2\/product\/4811","targetHints":{"allow":["GET"]}}],"collection":[{"href":"https:\/\/baoulecore.com\/fr\/wp-json\/wp\/v2\/product"}],"about":[{"href":"https:\/\/baoulecore.com\/fr\/wp-json\/wp\/v2\/types\/product"}],"wp:featuredmedia":[{"embeddable":true,"href":"https:\/\/baoulecore.com\/fr\/wp-json\/wp\/v2\/media\/4739"}],"wp:attachment":[{"href":"https:\/\/baoulecore.com\/fr\/wp-json\/wp\/v2\/media?parent=4811"}],"wp:term":[{"taxonomy":"product_brand","embeddable":true,"href":"https:\/\/baoulecore.com\/fr\/wp-json\/wp\/v2\/product_brand?post=4811"},{"taxonomy":"product_cat","embeddable":true,"href":"https:\/\/baoulecore.com\/fr\/wp-json\/wp\/v2\/product_cat?post=4811"},{"taxonomy":"product_tag","embeddable":true,"href":"https:\/\/baoulecore.com\/fr\/wp-json\/wp\/v2\/product_tag?post=4811"}],"curies":[{"name":"wp","href":"https:\/\/api.w.org\/{rel}","templated":true}]}}