{"id":3891,"date":"2025-12-28T08:42:15","date_gmt":"2025-12-28T08:42:15","guid":{"rendered":"https:\/\/baoulecore.com\/baoulecore-t-shirt\/"},"modified":"2026-03-31T06:18:15","modified_gmt":"2026-03-31T06:18:15","slug":"baoulecore-shirt","status":"publish","type":"product","link":"https:\/\/baoulecore.com\/fr\/baoulecore-shirt\/","title":{"rendered":"The Baoulecore T-shirt"},"content":{"rendered":"","protected":false},"excerpt":{"rendered":"<p>Le t-shirt Baoulecore m\u00eale h\u00e9ritage conceptuel et usage quotidien. Con\u00e7u pour le confort avec une coupe ample et une s\u00e9rigraphie durable, il se situe entre outil de recherche et uniforme du quotidien, pens\u00e9 comme une extension de l\u2019archive.<\/p>\n<h3>D\u00c9TAILS<\/h3>\n<ul>\n<li>Coton recycl\u00e9 \u00e9pais (seconde main)<\/li>\n<li>S\u00e9rigraphie frontale<\/li>\n<li>Coupe unisexe<\/li>\n<li>Concept d\u00e9velopp\u00e9 et produit \u00e0 Abidjan<\/li>\n<li>\u00c9dition limit\u00e9e \u00e0 50 exemplaires, fabrication \u00e0 la commande (pr\u00e9voir un d\u00e9lai de production et d\u2019exp\u00e9dition)<\/li>\n<li>Livraison partout dans le monde<\/li>\n<\/ul>\n","protected":false},"featured_media":3890,"template":"","meta":{"site-sidebar-layout":"default","site-content-layout":"","ast-site-content-layout":"default","site-content-style":"default","site-sidebar-style":"default","ast-global-header-display":"","ast-banner-title-visibility":"","ast-main-header-display":"","ast-hfb-above-header-display":"","ast-hfb-below-header-display":"","ast-hfb-mobile-header-display":"","site-post-title":"","ast-breadcrumbs-content":"","ast-featured-img":"","footer-sml-layout":"","ast-disable-related-posts":"","theme-transparent-header-meta":"default","adv-header-id-meta":"","stick-header-meta":"","header-above-stick-meta":"","header-main-stick-meta":"","header-below-stick-meta":"","astra-migrate-meta-layouts":"set","ast-page-background-enabled":"default","ast-page-background-meta":{"desktop":{"background-color":"var(--ast-global-color-5)","background-image":"","background-repeat":"repeat","background-position":"center center","background-size":"auto","background-attachment":"scroll","background-type":"","background-media":"","overlay-type":"","overlay-color":"","overlay-opacity":"","overlay-gradient":""},"tablet":{"background-color":"","background-image":"","background-repeat":"repeat","background-position":"center center","background-size":"auto","background-attachment":"scroll","background-type":"","background-media":"","overlay-type":"","overlay-color":"","overlay-opacity":"","overlay-gradient":""},"mobile":{"background-color":"","background-image":"","background-repeat":"repeat","background-position":"center center","background-size":"auto","background-attachment":"scroll","background-type":"","background-media":"","overlay-type":"","overlay-color":"","overlay-opacity":"","overlay-gradient":""}},"ast-content-background-meta":{"desktop":{"background-color":"var(--ast-global-color-4)","background-image":"","background-repeat":"repeat","background-position":"center center","background-size":"auto","background-attachment":"scroll","background-type":"","background-media":"","overlay-type":"","overlay-color":"","overlay-opacity":"","overlay-gradient":""},"tablet":{"background-color":"var(--ast-global-color-4)","background-image":"","background-repeat":"repeat","background-position":"center center","background-size":"auto","background-attachment":"scroll","background-type":"","background-media":"","overlay-type":"","overlay-color":"","overlay-opacity":"","overlay-gradient":""},"mobile":{"background-color":"var(--ast-global-color-4)","background-image":"","background-repeat":"repeat","background-position":"center center","background-size":"auto","background-attachment":"scroll","background-type":"","background-media":"","overlay-type":"","overlay-color":"","overlay-opacity":"","overlay-gradient":""}}},"product_brand":[79],"product_cat":[982],"product_tag":[],"class_list":{"0":"post-3891","1":"product","2":"type-product","3":"status-publish","4":"has-post-thumbnail","6":"product_brand-baoulecore","7":"product_cat-merch-collabs","8":"desktop-align-left","9":"tablet-align-left","10":"mobile-align-left","12":"first","13":"instock","14":"taxable","15":"shipping-taxable","16":"purchasable","17":"product-type-simple"},"_links":{"self":[{"href":"https:\/\/baoulecore.com\/fr\/wp-json\/wp\/v2\/product\/3891","targetHints":{"allow":["GET"]}}],"collection":[{"href":"https:\/\/baoulecore.com\/fr\/wp-json\/wp\/v2\/product"}],"about":[{"href":"https:\/\/baoulecore.com\/fr\/wp-json\/wp\/v2\/types\/product"}],"wp:featuredmedia":[{"embeddable":true,"href":"https:\/\/baoulecore.com\/fr\/wp-json\/wp\/v2\/media\/3890"}],"wp:attachment":[{"href":"https:\/\/baoulecore.com\/fr\/wp-json\/wp\/v2\/media?parent=3891"}],"wp:term":[{"taxonomy":"product_brand","embeddable":true,"href":"https:\/\/baoulecore.com\/fr\/wp-json\/wp\/v2\/product_brand?post=3891"},{"taxonomy":"product_cat","embeddable":true,"href":"https:\/\/baoulecore.com\/fr\/wp-json\/wp\/v2\/product_cat?post=3891"},{"taxonomy":"product_tag","embeddable":true,"href":"https:\/\/baoulecore.com\/fr\/wp-json\/wp\/v2\/product_tag?post=3891"}],"curies":[{"name":"wp","href":"https:\/\/api.w.org\/{rel}","templated":true}]}}