{"id":3380,"date":"2025-10-09T21:36:00","date_gmt":"2025-10-09T21:36:00","guid":{"rendered":"https:\/\/baoulecore.com\/?post_type=product&#038;p=3380"},"modified":"2026-03-19T14:26:39","modified_gmt":"2026-03-19T14:26:39","slug":"diane-solo","status":"publish","type":"product","link":"https:\/\/baoulecore.com\/fr\/diane-solo\/","title":{"rendered":"Diane Solo \u2014 Diane Solo, 1982 (C\u00f4te d\u2019Ivoire)"},"content":{"rendered":"","protected":false},"excerpt":{"rendered":"<p>Disque ivoirien recherch\u00e9 m\u00ealant disco-funk, pop et zouk, avec des m\u00e9lodies accrocheuses et une \u00e9nergie dansante typique du d\u00e9but des ann\u00e9es 80. Sorti sur AS Record, il refl\u00e8te la vitalit\u00e9 de la sc\u00e8ne urbaine ivoirienne de l\u2019\u00e9poque, entre groove solaire et production soign\u00e9e.<\/p>\n<p>&nbsp;<\/p>\n<p><em>\u00c9tat : Pochette VG+. Media VG \/ VG+.<\/em><\/p>\n","protected":false},"featured_media":4743,"template":"","meta":{"site-sidebar-layout":"default","site-content-layout":"","ast-site-content-layout":"default","site-content-style":"default","site-sidebar-style":"default","ast-global-header-display":"","ast-banner-title-visibility":"","ast-main-header-display":"","ast-hfb-above-header-display":"","ast-hfb-below-header-display":"","ast-hfb-mobile-header-display":"","site-post-title":"","ast-breadcrumbs-content":"","ast-featured-img":"","footer-sml-layout":"","ast-disable-related-posts":"","theme-transparent-header-meta":"default","adv-header-id-meta":"","stick-header-meta":"","header-above-stick-meta":"","header-main-stick-meta":"","header-below-stick-meta":"","astra-migrate-meta-layouts":"set","ast-page-background-enabled":"default","ast-page-background-meta":{"desktop":{"background-color":"var(--ast-global-color-5)","background-image":"","background-repeat":"repeat","background-position":"center center","background-size":"auto","background-attachment":"scroll","background-type":"","background-media":"","overlay-type":"","overlay-color":"","overlay-opacity":"","overlay-gradient":""},"tablet":{"background-color":"","background-image":"","background-repeat":"repeat","background-position":"center center","background-size":"auto","background-attachment":"scroll","background-type":"","background-media":"","overlay-type":"","overlay-color":"","overlay-opacity":"","overlay-gradient":""},"mobile":{"background-color":"","background-image":"","background-repeat":"repeat","background-position":"center center","background-size":"auto","background-attachment":"scroll","background-type":"","background-media":"","overlay-type":"","overlay-color":"","overlay-opacity":"","overlay-gradient":""}},"ast-content-background-meta":{"desktop":{"background-color":"var(--ast-global-color-4)","background-image":"","background-repeat":"repeat","background-position":"center center","background-size":"auto","background-attachment":"scroll","background-type":"","background-media":"","overlay-type":"","overlay-color":"","overlay-opacity":"","overlay-gradient":""},"tablet":{"background-color":"var(--ast-global-color-4)","background-image":"","background-repeat":"repeat","background-position":"center center","background-size":"auto","background-attachment":"scroll","background-type":"","background-media":"","overlay-type":"","overlay-color":"","overlay-opacity":"","overlay-gradient":""},"mobile":{"background-color":"var(--ast-global-color-4)","background-image":"","background-repeat":"repeat","background-position":"center center","background-size":"auto","background-attachment":"scroll","background-type":"","background-media":"","overlay-type":"","overlay-color":"","overlay-opacity":"","overlay-gradient":""}}},"product_brand":[942],"product_cat":[981],"product_tag":[544,504,501,539,498,551,545],"class_list":{"0":"post-3380","1":"product","2":"type-product","3":"status-publish","4":"has-post-thumbnail","6":"product_brand-diane-solo","7":"product_cat-disques","8":"product_tag-african","9":"product_tag-disco","10":"product_tag-folk","11":"product_tag-funk-soul","12":"product_tag-pop","13":"product_tag-world","14":"product_tag-zouk","15":"pa_annee-1980-1989","16":"pa_etat-du-disque-very_good","17":"pa_etat-du-disque-very_good_plus","18":"pa_pochette-very-good-plus","19":"pa_product-origin-cote-divoire","20":"pa_type-de-produit-vinyles","21":"desktop-align-left","22":"tablet-align-left","23":"mobile-align-left","25":"first","26":"instock","27":"taxable","28":"shipping-taxable","29":"purchasable","30":"product-type-simple"},"_links":{"self":[{"href":"https:\/\/baoulecore.com\/fr\/wp-json\/wp\/v2\/product\/3380","targetHints":{"allow":["GET"]}}],"collection":[{"href":"https:\/\/baoulecore.com\/fr\/wp-json\/wp\/v2\/product"}],"about":[{"href":"https:\/\/baoulecore.com\/fr\/wp-json\/wp\/v2\/types\/product"}],"wp:featuredmedia":[{"embeddable":true,"href":"https:\/\/baoulecore.com\/fr\/wp-json\/wp\/v2\/media\/4743"}],"wp:attachment":[{"href":"https:\/\/baoulecore.com\/fr\/wp-json\/wp\/v2\/media?parent=3380"}],"wp:term":[{"taxonomy":"product_brand","embeddable":true,"href":"https:\/\/baoulecore.com\/fr\/wp-json\/wp\/v2\/product_brand?post=3380"},{"taxonomy":"product_cat","embeddable":true,"href":"https:\/\/baoulecore.com\/fr\/wp-json\/wp\/v2\/product_cat?post=3380"},{"taxonomy":"product_tag","embeddable":true,"href":"https:\/\/baoulecore.com\/fr\/wp-json\/wp\/v2\/product_tag?post=3380"}],"curies":[{"name":"wp","href":"https:\/\/api.w.org\/{rel}","templated":true}]}}