{"id":3921,"date":"2025-12-29T11:33:03","date_gmt":"2025-12-29T11:33:03","guid":{"rendered":"https:\/\/baoulecore.com\/?page_id=3921"},"modified":"2026-03-20T19:45:57","modified_gmt":"2026-03-20T19:45:57","slug":"staff","status":"publish","type":"page","link":"https:\/\/baoulecore.com\/fr\/nous\/staff\/","title":{"rendered":"Notre Equipe"},"content":{"rendered":"<style>.kadence-column3921_cfccad-ce > .kt-inside-inner-col,.kadence-column3921_cfccad-ce > .kt-inside-inner-col:before{border-top-left-radius:0px;border-top-right-radius:0px;border-bottom-right-radius:0px;border-bottom-left-radius:0px;}.kadence-column3921_cfccad-ce > .kt-inside-inner-col{column-gap:var(--global-kb-gap-sm, 1rem);}.kadence-column3921_cfccad-ce > .kt-inside-inner-col{flex-direction:column;}.kadence-column3921_cfccad-ce > .kt-inside-inner-col > .aligncenter{width:100%;}.kadence-column3921_cfccad-ce > .kt-inside-inner-col{background-color:var(--ast-global-color-4);}.kadence-column3921_cfccad-ce > .kt-inside-inner-col:before{opacity:0.3;}.kadence-column3921_cfccad-ce{position:relative;}@media all and (max-width: 1024px){.kadence-column3921_cfccad-ce > .kt-inside-inner-col{flex-direction:column;justify-content:center;}}@media all and (max-width: 767px){.kadence-column3921_cfccad-ce > .kt-inside-inner-col{flex-direction:column;justify-content:center;}}<\/style>\n<div class=\"wp-block-kadence-column kadence-column3921_cfccad-ce\"><div class=\"kt-inside-inner-col\">\n<div class=\"wp-block-query is-layout-flow wp-block-query-is-layout-flow\"><ul class=\"wp-block-post-template is-layout-flow wp-block-post-template-is-layout-flow\"><li class=\"wp-block-post post-4451 post type-post status-publish format-standard has-post-thumbnail hentry category-staff\">\n\n<div class=\"wp-block-group is-vertical is-content-justification-stretch is-layout-flex wp-container-core-group-is-layout-1c80c88e wp-block-group-is-layout-flex\">\n<div class=\"wp-block-group has-ast-global-color-4-background-color has-background is-layout-flow wp-container-core-group-is-layout-a77db08e wp-block-group-is-layout-flow wp-container-1 is-position-sticky\"><h2 style=\"text-transform:uppercase;\" class=\"wp-block-post-title has-large-font-size\">C\u00e9dric Kouam\u00e9<\/h2>\n\n<div style=\"text-transform:uppercase;\" class=\"has-link-color wp-elements-909590fc19493d18a68e31cc10a43fbf wp-block-post-excerpt has-text-color has-foreground-color has-medium-font-size\"><p class=\"wp-block-post-excerpt__excerpt\">Fondateur &#038; Archiviste en Chef <\/p><\/div><\/div>\n\n\n<figure style=\"aspect-ratio:3\/4;width:100%;height:440px;\" class=\"wp-block-post-featured-image wp-duotone-grayscale\"><img loading=\"lazy\" decoding=\"async\" width=\"1641\" height=\"2560\" src=\"https:\/\/baoulecore.com\/wp-content\/uploads\/2026\/01\/IMG_CTER_052024_4-scaled.jpg?wsr\" class=\"attachment-post-thumbnail size-post-thumbnail wp-post-image\" alt=\"\" style=\"width:100%;height:100%;object-fit:cover;\" srcset=\"https:\/\/baoulecore.com\/wp-content\/uploads\/2026\/01\/IMG_CTER_052024_4-scaled.jpg 1641w, https:\/\/baoulecore.com\/wp-content\/uploads\/2026\/01\/IMG_CTER_052024_4-scaled-800x1248.jpg 800w, https:\/\/baoulecore.com\/wp-content\/uploads\/2026\/01\/IMG_CTER_052024_4-192x300.jpg 192w, https:\/\/baoulecore.com\/wp-content\/uploads\/2026\/01\/IMG_CTER_052024_4-656x1024.jpg 656w, https:\/\/baoulecore.com\/wp-content\/uploads\/2026\/01\/IMG_CTER_052024_4-768x1198.jpg 768w, https:\/\/baoulecore.com\/wp-content\/uploads\/2026\/01\/IMG_CTER_052024_4-985x1536.jpg 985w, https:\/\/baoulecore.com\/wp-content\/uploads\/2026\/01\/IMG_CTER_052024_4-1313x2048.jpg 1313w, https:\/\/baoulecore.com\/wp-content\/uploads\/2026\/01\/IMG_CTER_052024_4-8x12.jpg 8w\" sizes=\"auto, (max-width: 1641px) 100vw, 1641px\" \/><\/figure>\n\n\n<div class=\"wp-block-group is-vertical is-layout-flex wp-container-core-group-is-layout-4b827052 wp-block-group-is-layout-flex\"><div style=\"margin-top:0;margin-bottom:0;\" class=\"entry-content wp-block-post-content is-layout-flow wp-block-post-content-is-layout-flow\">\n<p class=\"has-text-align-left has-foreground-color has-text-color has-link-color wp-elements-fd000b0c0ec0ab113288a31a9739f28f\">Fondateur de Baoulecore (2023), C\u00e9dric Kouam\u00e9 est un artiste pluridisciplinaire (producteur, sculpteur, photographe, styliste) et archiviste. Collectionneur passionn\u00e9 de vinyles, de cassettes et d\u2019artefacts culturels depuis 2012, son travail se situe \u00e0 l\u2019intersection de l\u2019archive, du son, de l\u2019image et de la culture mat\u00e9rielle. Il porte la vision artistique et la direction curatoriale de Baoulecore.<\/p>\n\n\n\n<p class=\"has-text-align-left has-foreground-color has-text-color has-link-color wp-elements-c03abe33f9c48b0b1f2b8cea283406e6\"><\/p>\n\n\n\n\n\n<p><\/p>\n<\/div><\/div>\n\n\n\n<hr class=\"wp-block-separator has-text-color has-background-color has-alpha-channel-opacity has-background-background-color has-background is-style-dots wp-container-content-9cfa9a5a\" style=\"margin-top:var(--wp--preset--spacing--20);margin-bottom:var(--wp--preset--spacing--20)\"\/>\n<\/div>\n\n<\/li><li class=\"wp-block-post post-4453 post type-post status-publish format-standard has-post-thumbnail hentry category-staff\">\n\n<div class=\"wp-block-group is-vertical is-content-justification-stretch is-layout-flex wp-container-core-group-is-layout-1c80c88e wp-block-group-is-layout-flex\">\n<div class=\"wp-block-group has-ast-global-color-4-background-color has-background is-layout-flow wp-container-core-group-is-layout-a77db08e wp-block-group-is-layout-flow wp-container-2 is-position-sticky\"><h2 style=\"text-transform:uppercase;\" class=\"wp-block-post-title has-large-font-size\">Elise Mehaddi<\/h2>\n\n<div style=\"text-transform:uppercase;\" class=\"has-link-color wp-elements-909590fc19493d18a68e31cc10a43fbf wp-block-post-excerpt has-text-color has-foreground-color has-medium-font-size\"><p class=\"wp-block-post-excerpt__excerpt\">Directrice du D\u00e9veloppement &#038; des Op\u00e9rations <\/p><\/div><\/div>\n\n\n<figure style=\"aspect-ratio:3\/4;width:100%;height:440px;\" class=\"wp-block-post-featured-image wp-duotone-grayscale\"><img loading=\"lazy\" decoding=\"async\" width=\"1727\" height=\"2560\" src=\"https:\/\/baoulecore.com\/wp-content\/uploads\/2026\/01\/AD_HP5-27-positive-1-scaled.jpg?wsr\" class=\"attachment-post-thumbnail size-post-thumbnail wp-post-image\" alt=\"\" style=\"width:100%;height:100%;object-fit:cover;\" srcset=\"https:\/\/baoulecore.com\/wp-content\/uploads\/2026\/01\/AD_HP5-27-positive-1-scaled.jpg 1727w, https:\/\/baoulecore.com\/wp-content\/uploads\/2026\/01\/AD_HP5-27-positive-1-scaled-800x1186.jpg 800w, https:\/\/baoulecore.com\/wp-content\/uploads\/2026\/01\/AD_HP5-27-positive-1-202x300.jpg 202w, https:\/\/baoulecore.com\/wp-content\/uploads\/2026\/01\/AD_HP5-27-positive-1-691x1024.jpg 691w, https:\/\/baoulecore.com\/wp-content\/uploads\/2026\/01\/AD_HP5-27-positive-1-768x1139.jpg 768w, https:\/\/baoulecore.com\/wp-content\/uploads\/2026\/01\/AD_HP5-27-positive-1-1036x1536.jpg 1036w, https:\/\/baoulecore.com\/wp-content\/uploads\/2026\/01\/AD_HP5-27-positive-1-1381x2048.jpg 1381w, https:\/\/baoulecore.com\/wp-content\/uploads\/2026\/01\/AD_HP5-27-positive-1-8x12.jpg 8w\" sizes=\"auto, (max-width: 1727px) 100vw, 1727px\" \/><\/figure>\n\n\n<div class=\"wp-block-group is-vertical is-layout-flex wp-container-core-group-is-layout-4b827052 wp-block-group-is-layout-flex\"><div style=\"margin-top:0;margin-bottom:0;\" class=\"entry-content wp-block-post-content is-layout-flow wp-block-post-content-is-layout-flow\">\n<div class=\"wp-block-group is-nowrap is-layout-flex wp-container-core-group-is-layout-6c531013 wp-block-group-is-layout-flex\">\n<p class=\"has-foreground-color has-text-color has-link-color wp-elements-ccfa39e3fd666864136b75194add54f1\"> Elise a rejoint Baoulecore en 2024. Sp\u00e9cialis\u00e9e en gestion de projets culturels, elle supervise les aspects business et op\u00e9rationnels du projet : production, coordination, strat\u00e9gie et communication. Elle structure le d\u00e9veloppement de Baoulecore, en veillant \u00e0 ce que la vision artistique s\u2019inscrive dans une dynamique durable et p\u00e9renne.<\/p>\n\n\n\n<p class=\"has-foreground-color has-text-color has-link-color wp-elements-ba1238313e84d32e61af7a13624464d4\"><\/p>\n<\/div>\n\n\n\n<p class=\"has-foreground-color has-text-color has-link-color wp-elements-ba1238313e84d32e61af7a13624464d4\"><\/p>\n\n\n\n<p><\/p>\n<\/div><\/div>\n\n\n\n<hr class=\"wp-block-separator has-text-color has-background-color has-alpha-channel-opacity has-background-background-color has-background is-style-dots wp-container-content-9cfa9a5a\" style=\"margin-top:var(--wp--preset--spacing--20);margin-bottom:var(--wp--preset--spacing--20)\"\/>\n<\/div>\n\n<\/li><li class=\"wp-block-post post-4455 post type-post status-publish format-standard has-post-thumbnail hentry category-staff\">\n\n<div class=\"wp-block-group is-vertical is-content-justification-stretch is-layout-flex wp-container-core-group-is-layout-1c80c88e wp-block-group-is-layout-flex\">\n<div class=\"wp-block-group has-ast-global-color-4-background-color has-background is-layout-flow wp-container-core-group-is-layout-a77db08e wp-block-group-is-layout-flow wp-container-3 is-position-sticky\"><h2 style=\"text-transform:uppercase;\" class=\"wp-block-post-title has-large-font-size\">Aude Saturnio<\/h2>\n\n<div style=\"text-transform:uppercase;\" class=\"has-link-color wp-elements-909590fc19493d18a68e31cc10a43fbf wp-block-post-excerpt has-text-color has-foreground-color has-medium-font-size\"><p class=\"wp-block-post-excerpt__excerpt\">D\u00e9veloppement Num\u00e9rique &#038; Visuel <\/p><\/div><\/div>\n\n\n<figure style=\"aspect-ratio:3\/4;width:100%;height:440px;\" class=\"wp-block-post-featured-image wp-duotone-grayscale\"><img loading=\"lazy\" decoding=\"async\" width=\"1978\" height=\"2560\" src=\"https:\/\/baoulecore.com\/wp-content\/uploads\/2026\/01\/Aude-scaled.jpg?wsr\" class=\"attachment-post-thumbnail size-post-thumbnail wp-post-image\" alt=\"\" style=\"width:100%;height:100%;object-fit:cover;\" srcset=\"https:\/\/baoulecore.com\/wp-content\/uploads\/2026\/01\/Aude-scaled.jpg 1978w, https:\/\/baoulecore.com\/wp-content\/uploads\/2026\/01\/Aude-scaled-800x1035.jpg 800w, https:\/\/baoulecore.com\/wp-content\/uploads\/2026\/01\/Aude-232x300.jpg 232w, https:\/\/baoulecore.com\/wp-content\/uploads\/2026\/01\/Aude-791x1024.jpg 791w, https:\/\/baoulecore.com\/wp-content\/uploads\/2026\/01\/Aude-768x994.jpg 768w, https:\/\/baoulecore.com\/wp-content\/uploads\/2026\/01\/Aude-1187x1536.jpg 1187w, https:\/\/baoulecore.com\/wp-content\/uploads\/2026\/01\/Aude-1583x2048.jpg 1583w, https:\/\/baoulecore.com\/wp-content\/uploads\/2026\/01\/Aude-9x12.jpg 9w\" sizes=\"auto, (max-width: 1978px) 100vw, 1978px\" \/><\/figure>\n\n\n<div class=\"wp-block-group is-vertical is-layout-flex wp-container-core-group-is-layout-4b827052 wp-block-group-is-layout-flex\"><div style=\"margin-top:0;margin-bottom:0;\" class=\"entry-content wp-block-post-content is-layout-flow wp-block-post-content-is-layout-flow\">\n<div class=\"wp-block-group is-nowrap is-layout-flex wp-container-core-group-is-layout-6c531013 wp-block-group-is-layout-flex\">\n<p class=\"has-foreground-color has-text-color has-link-color wp-elements-493c5d18d83e50a1ff6199804cfeb3c4\">L\u2019informatique pour structure, la photographie pour regard. Aude fa\u00e7onne l\u2019infrastructure technique de notre univers tout en capturant sa lumi\u00e8re. Il b\u00e2tit nos outils num\u00e9riques avec la m\u00eame pr\u00e9cision qu&rsquo;il cadre une image. \u00c0 travers son objectif, il documente notre mouvement, rendant le binaire aussi tactile qu&rsquo;une pochette de disque patin\u00e9e par le temps.<\/p>\n<\/div>\n\n\n\n<p><\/p>\n<\/div><\/div>\n\n\n\n<hr class=\"wp-block-separator has-text-color has-background-color has-alpha-channel-opacity has-background-background-color has-background is-style-dots wp-container-content-9cfa9a5a\" style=\"margin-top:var(--wp--preset--spacing--20);margin-bottom:var(--wp--preset--spacing--20)\"\/>\n<\/div>\n\n<\/li><\/ul>\n\n\n\n<\/div>\n<\/div><\/div>\n","protected":false},"excerpt":{"rendered":"","protected":false},"author":1,"featured_media":0,"parent":3620,"menu_order":0,"comment_status":"closed","ping_status":"closed","template":"","meta":{"site-sidebar-layout":"default","site-content-layout":"","ast-site-content-layout":"default","site-content-style":"default","site-sidebar-style":"default","ast-global-header-display":"","ast-banner-title-visibility":"","ast-main-header-display":"","ast-hfb-above-header-display":"","ast-hfb-below-header-display":"","ast-hfb-mobile-header-display":"","site-post-title":"","ast-breadcrumbs-content":"","ast-featured-img":"","footer-sml-layout":"","ast-disable-related-posts":"","theme-transparent-header-meta":"","adv-header-id-meta":"","stick-header-meta":"","header-above-stick-meta":"","header-main-stick-meta":"","header-below-stick-meta":"","astra-migrate-meta-layouts":"default","ast-page-background-enabled":"default","ast-page-background-meta":{"desktop":{"background-color":"var(--ast-global-color-5)","background-image":"","background-repeat":"repeat","background-position":"center center","background-size":"auto","background-attachment":"scroll","background-type":"","background-media":"","overlay-type":"","overlay-color":"","overlay-opacity":"","overlay-gradient":""},"tablet":{"background-color":"","background-image":"","background-repeat":"repeat","background-position":"center center","background-size":"auto","background-attachment":"scroll","background-type":"","background-media":"","overlay-type":"","overlay-color":"","overlay-opacity":"","overlay-gradient":""},"mobile":{"background-color":"","background-image":"","background-repeat":"repeat","background-position":"center center","background-size":"auto","background-attachment":"scroll","background-type":"","background-media":"","overlay-type":"","overlay-color":"","overlay-opacity":"","overlay-gradient":""}},"ast-content-background-meta":{"desktop":{"background-color":"var(--ast-global-color-4)","background-image":"","background-repeat":"repeat","background-position":"center center","background-size":"auto","background-attachment":"scroll","background-type":"","background-media":"","overlay-type":"","overlay-color":"","overlay-opacity":"","overlay-gradient":""},"tablet":{"background-color":"var(--ast-global-color-4)","background-image":"","background-repeat":"repeat","background-position":"center center","background-size":"auto","background-attachment":"scroll","background-type":"","background-media":"","overlay-type":"","overlay-color":"","overlay-opacity":"","overlay-gradient":""},"mobile":{"background-color":"var(--ast-global-color-4)","background-image":"","background-repeat":"repeat","background-position":"center center","background-size":"auto","background-attachment":"scroll","background-type":"","background-media":"","overlay-type":"","overlay-color":"","overlay-opacity":"","overlay-gradient":""}},"footnotes":""},"class_list":["post-3921","page","type-page","status-publish","hentry"],"_links":{"self":[{"href":"https:\/\/baoulecore.com\/fr\/wp-json\/wp\/v2\/pages\/3921","targetHints":{"allow":["GET"]}}],"collection":[{"href":"https:\/\/baoulecore.com\/fr\/wp-json\/wp\/v2\/pages"}],"about":[{"href":"https:\/\/baoulecore.com\/fr\/wp-json\/wp\/v2\/types\/page"}],"author":[{"embeddable":true,"href":"https:\/\/baoulecore.com\/fr\/wp-json\/wp\/v2\/users\/1"}],"replies":[{"embeddable":true,"href":"https:\/\/baoulecore.com\/fr\/wp-json\/wp\/v2\/comments?post=3921"}],"version-history":[{"count":22,"href":"https:\/\/baoulecore.com\/fr\/wp-json\/wp\/v2\/pages\/3921\/revisions"}],"predecessor-version":[{"id":5277,"href":"https:\/\/baoulecore.com\/fr\/wp-json\/wp\/v2\/pages\/3921\/revisions\/5277"}],"up":[{"embeddable":true,"href":"https:\/\/baoulecore.com\/fr\/wp-json\/wp\/v2\/pages\/3620"}],"wp:attachment":[{"href":"https:\/\/baoulecore.com\/fr\/wp-json\/wp\/v2\/media?parent=3921"}],"curies":[{"name":"wp","href":"https:\/\/api.w.org\/{rel}","templated":true}]}}