{"id":3771,"date":"2025-12-24T16:17:57","date_gmt":"2025-12-24T16:17:57","guid":{"rendered":"https:\/\/baoulecore.com\/?page_id=3771"},"modified":"2026-03-20T19:33:31","modified_gmt":"2026-03-20T19:33:31","slug":"home","status":"publish","type":"page","link":"https:\/\/baoulecore.com\/fr\/","title":{"rendered":"Page d&rsquo;accueil"},"content":{"rendered":"<style>.kadence-column3771_c4fa4d-13 > .kt-inside-inner-col,.kadence-column3771_c4fa4d-13 > .kt-inside-inner-col:before{border-top-left-radius:0px;border-top-right-radius:0px;border-bottom-right-radius:0px;border-bottom-left-radius:0px;}.kadence-column3771_c4fa4d-13 > .kt-inside-inner-col{column-gap:var(--global-kb-gap-sm, 1rem);}.kadence-column3771_c4fa4d-13 > .kt-inside-inner-col{flex-direction:column;}.kadence-column3771_c4fa4d-13 > .kt-inside-inner-col > .aligncenter{width:100%;}.kadence-column3771_c4fa4d-13 > .kt-inside-inner-col:before{opacity:0.3;}.kadence-column3771_c4fa4d-13{position:relative;}@media all and (max-width: 1024px){.kadence-column3771_c4fa4d-13 > .kt-inside-inner-col{flex-direction:column;justify-content:center;}}@media all and (max-width: 767px){.kadence-column3771_c4fa4d-13 > .kt-inside-inner-col{min-height:496px;flex-direction:column;justify-content:center;}.kadence-column3771_c4fa4d-13, .kt-inside-inner-col > .kadence-column3771_c4fa4d-13:not(.specificity){margin-top:var(--global-kb-spacing-3xl, 6.5rem);margin-bottom:var(--global-kb-spacing-sm, 1.5rem);}}<\/style>\n<div class=\"wp-block-kadence-column kadence-column3771_c4fa4d-13\"><div class=\"kt-inside-inner-col\">\n<div class=\"wp-block-cover is-light is-layout-flow wp-block-cover-is-layout-flow\" style=\"min-height:500px;aspect-ratio:unset;\"><video class=\"wp-block-cover__video-background intrinsic-ignore\" autoplay muted loop playsinline src=\"https:\/\/baoulecore.com\/wp-content\/uploads\/2026\/01\/copy_DC5DE1C6-CCEA-447B-A46F-97F1BE33E2AB-2.mov\" data-object-fit=\"cover\"><\/video><span aria-hidden=\"true\" class=\"wp-block-cover__background has-background-dim-0 has-background-dim\" style=\"background-color:#FFF\"><\/span><div class=\"wp-block-cover__inner-container\"><\/div><\/div>\n<\/div><\/div>\n\n\n<style>.wp-block-kadence-advancedheading.kt-adv-heading3771_a7e848-45, .wp-block-kadence-advancedheading.kt-adv-heading3771_a7e848-45[data-kb-block=\"kb-adv-heading3771_a7e848-45\"]{max-width:800px;margin-right:auto;margin-left:auto;text-align:center;font-size:var(--global-kb-font-size-sm, 0.9rem);font-style:normal;text-transform:none;}.wp-block-kadence-advancedheading.kt-adv-heading3771_a7e848-45 mark.kt-highlight, .wp-block-kadence-advancedheading.kt-adv-heading3771_a7e848-45[data-kb-block=\"kb-adv-heading3771_a7e848-45\"] mark.kt-highlight{font-style:normal;color:#f76a0c;-webkit-box-decoration-break:clone;box-decoration-break:clone;padding-top:0px;padding-right:0px;padding-bottom:0px;padding-left:0px;}.wp-block-kadence-advancedheading.kt-adv-heading3771_a7e848-45 img.kb-inline-image, .wp-block-kadence-advancedheading.kt-adv-heading3771_a7e848-45[data-kb-block=\"kb-adv-heading3771_a7e848-45\"] img.kb-inline-image{width:150px;vertical-align:baseline;}<\/style>\n<p class=\"kt-adv-heading3771_a7e848-45 wp-block-kadence-advancedheading\" data-kb-block=\"kb-adv-heading3771_a7e848-45\"><br>BAOULECORE ARCHIVE CENTER EST UN ESPACE CULTUREL IND\u00c9PENDANT INSTALL\u00c9 \u00c0 ABIDJAN, PENS\u00c9 COMME UN CARREFOUR ENTRE M\u00c9MOIRE MUSICALE, CR\u00c9ATION CONTEMPORAINE ET TRANSMISSION.<br>SITUE AU C\u0152UR DU PREMIER MARCH\u00c9 COOP\u00c9RATIF DIRIG\u00c9 PAR DES FEMMES \u00c0 ABIDJAN, BAOULECORE EST UN LIEU D\u2019\u00c9NERGIE COLLECTIVE, UN LABORATOIRE O\u00d9 SE CROISENT VINYLES RARES, CASSETTES OUBLI\u00c9ES, OBJETS INSOLITES, FANZINES, LIVRES ET R\u00c9CITS ISSUS DES SC\u00c8NES AFRICAINES ET DIASPORIQUES.<br><br>LE CENTRE ACCUEILLE ARTISTES, CHERCHEURS, DJS, CR\u00c9ATIFS ET CURIEUX POUR \u00c9COUTER, EXPLORER ET COLLABORER. LA COLLECTION DE PLUS DE 1 500 VINYLES ET 1 000 CASSETTES \u00c9VOLUE EN PERMANENCE, NOURRIE PAR DES RENCONTRES, DES DONS OU DES RECHERCHES.<br><br>AU-DEL\u00c0 DE SES S\u00c9ANCES D\u2019\u00c9COUTE, DJ SETS ET PROJETS PHOTOGRAPHIQUES, BAOULECORE PROPOSE DES SERVICES DE RECHERCHE ET DE CONSEIL SUR MESURE. CURATEURS, INSTITUTIONS, LABELS ET CR\u00c9ATEURS PEUVENT COLLABORER AVEC L\u2019\u00c9QUIPE POUR ACC\u00c9DER \u00c0 DES RESSOURCES SP\u00c9CIFIQUES, D\u00c9VELOPPER DU CONTENU CONTEXTUEL OU IMAGINER DE NOUVEAUX FORMATS CULTURELS ANCR\u00c9S DANS LE PATRIMOINE AFRICAIN.<br><br>QUE VOUS CHERCHIEZ \u00c0 PLONGER DANS DES SONS RARES, \u00c0 RED\u00c9COUVRIR DES HISTOIRES OUBLI\u00c9ES OU \u00c0 CONSTRUIRE DES PROJETS TOURN\u00c9S VERS L\u2019AVENIR, BAOULECORE EST LE POINT DE D\u00c9PART ID\u00c9AL.<\/p>\n\n\n\n<div class=\"wp-block-group has-ast-global-color-8-background-color has-background is-layout-constrained wp-block-group-is-layout-constrained\">\n<h2 class=\"wp-block-heading has-text-align-center has-ast-global-color-4-color has-text-color has-link-color wp-elements-c22861411aecb56464aa8804e548104d\">PRENDRE RENDEZ-VOUS<\/h2>\n\n\n\n<p class=\"has-text-align-center has-ast-global-color-4-color has-text-color has-link-color wp-elements-c6c1fd6fa8b8f03d6179d435ceddbb0c\">Planifiez votre visite au centre d\u2019archives Baoulecore et immergez-vous<br>dans le riche patrimoine culturel de la C\u00f4te d\u2019Ivoire et d\u2019ailleurs.<br>Nos archives abritent une vaste collection de disques vinyles,<br>cassettes, livres et artefacts rares.<\/p>\n\n\n\n<div class=\"wp-block-buttons is-content-justification-center is-layout-flex wp-container-core-buttons-is-layout-a89b3969 wp-block-buttons-is-layout-flex\">\n<div class=\"wp-block-button is-style-fill\"><a class=\"wp-block-button__link has-ast-global-color-0-color has-white-background-color has-text-color has-background has-link-color wp-element-button\" href=\"https:\/\/baoulecore.com\/rdv\/\">PRENDRE RENDEZ-VOUS<\/a><\/div>\n<\/div>\n\n\n\n<p class=\"has-text-align-center has-ast-global-color-7-color has-text-color has-link-color wp-elements-e44b418ad5ad85ca2859658d9bd1406b\">01BP08, Cocody Abidjan, CI<\/p>\n<\/div>\n\n\n\n<p><\/p>\n","protected":false},"excerpt":{"rendered":"<p>BAOULECORE ARCHIVE CENTER EST UN ESPACE CULTUREL IND\u00c9PENDANT INSTALL\u00c9 \u00c0 ABIDJAN, PENS\u00c9 COMME UN CARREFOUR ENTRE M\u00c9MOIRE MUSICALE, CR\u00c9ATION CONTEMPORAINE [&hellip;]<\/p>\n","protected":false},"author":1,"featured_media":0,"parent":0,"menu_order":0,"comment_status":"closed","ping_status":"closed","template":"","meta":{"site-sidebar-layout":"default","site-content-layout":"","ast-site-content-layout":"default","site-content-style":"default","site-sidebar-style":"default","ast-global-header-display":"","ast-banner-title-visibility":"","ast-main-header-display":"","ast-hfb-above-header-display":"","ast-hfb-below-header-display":"","ast-hfb-mobile-header-display":"","site-post-title":"disabled","ast-breadcrumbs-content":"","ast-featured-img":"","footer-sml-layout":"","ast-disable-related-posts":"","theme-transparent-header-meta":"","adv-header-id-meta":"","stick-header-meta":"","header-above-stick-meta":"","header-main-stick-meta":"","header-below-stick-meta":"","astra-migrate-meta-layouts":"default","ast-page-background-enabled":"default","ast-page-background-meta":{"desktop":{"background-color":"var(--ast-global-color-5)","background-image":"","background-repeat":"repeat","background-position":"center center","background-size":"auto","background-attachment":"scroll","background-type":"","background-media":"","overlay-type":"","overlay-color":"","overlay-opacity":"","overlay-gradient":""},"tablet":{"background-color":"","background-image":"","background-repeat":"repeat","background-position":"center center","background-size":"auto","background-attachment":"scroll","background-type":"","background-media":"","overlay-type":"","overlay-color":"","overlay-opacity":"","overlay-gradient":""},"mobile":{"background-color":"","background-image":"","background-repeat":"repeat","background-position":"center center","background-size":"auto","background-attachment":"scroll","background-type":"","background-media":"","overlay-type":"","overlay-color":"","overlay-opacity":"","overlay-gradient":""}},"ast-content-background-meta":{"desktop":{"background-color":"var(--ast-global-color-4)","background-image":"","background-repeat":"repeat","background-position":"center center","background-size":"auto","background-attachment":"scroll","background-type":"","background-media":"","overlay-type":"","overlay-color":"","overlay-opacity":"","overlay-gradient":""},"tablet":{"background-color":"var(--ast-global-color-4)","background-image":"","background-repeat":"repeat","background-position":"center center","background-size":"auto","background-attachment":"scroll","background-type":"","background-media":"","overlay-type":"","overlay-color":"","overlay-opacity":"","overlay-gradient":""},"mobile":{"background-color":"var(--ast-global-color-4)","background-image":"","background-repeat":"repeat","background-position":"center center","background-size":"auto","background-attachment":"scroll","background-type":"","background-media":"","overlay-type":"","overlay-color":"","overlay-opacity":"","overlay-gradient":""}},"footnotes":""},"class_list":["post-3771","page","type-page","status-publish","hentry"],"_links":{"self":[{"href":"https:\/\/baoulecore.com\/fr\/wp-json\/wp\/v2\/pages\/3771","targetHints":{"allow":["GET"]}}],"collection":[{"href":"https:\/\/baoulecore.com\/fr\/wp-json\/wp\/v2\/pages"}],"about":[{"href":"https:\/\/baoulecore.com\/fr\/wp-json\/wp\/v2\/types\/page"}],"author":[{"embeddable":true,"href":"https:\/\/baoulecore.com\/fr\/wp-json\/wp\/v2\/users\/1"}],"replies":[{"embeddable":true,"href":"https:\/\/baoulecore.com\/fr\/wp-json\/wp\/v2\/comments?post=3771"}],"version-history":[{"count":32,"href":"https:\/\/baoulecore.com\/fr\/wp-json\/wp\/v2\/pages\/3771\/revisions"}],"predecessor-version":[{"id":5271,"href":"https:\/\/baoulecore.com\/fr\/wp-json\/wp\/v2\/pages\/3771\/revisions\/5271"}],"wp:attachment":[{"href":"https:\/\/baoulecore.com\/fr\/wp-json\/wp\/v2\/media?parent=3771"}],"curies":[{"name":"wp","href":"https:\/\/api.w.org\/{rel}","templated":true}]}}