{"id":3630,"date":"2025-12-23T11:25:01","date_gmt":"2025-12-23T11:25:01","guid":{"rendered":"https:\/\/baoulecore.com\/?page_id=3630"},"modified":"2026-02-26T11:53:31","modified_gmt":"2026-02-26T11:53:31","slug":"contact","status":"publish","type":"page","link":"https:\/\/baoulecore.com\/fr\/nous\/contact\/","title":{"rendered":"contact"},"content":{"rendered":"\n<div class=\"wp-block-cover alignfull wp-duotone-grayscale\" style=\"margin-top:0;margin-bottom:0;padding-top:var(--wp--preset--spacing--20);padding-right:var(--wp--preset--spacing--40);padding-bottom:var(--wp--preset--spacing--20);padding-left:var(--wp--preset--spacing--40);min-height:430px;aspect-ratio:unset;\"><img loading=\"lazy\" decoding=\"async\" width=\"1024\" height=\"699\" class=\"wp-block-cover__image-background wp-image-3627 size-large\" alt=\"Baoule Core Archive Center Cassette\" src=\"https:\/\/baoulecore.com\/wp-content\/uploads\/2025\/12\/aude_gold_200-13-1024x699.jpg\" data-object-fit=\"cover\" srcset=\"https:\/\/baoulecore.com\/wp-content\/uploads\/2025\/12\/aude_gold_200-13-1024x699.jpg 1024w, https:\/\/baoulecore.com\/wp-content\/uploads\/2025\/12\/aude_gold_200-13-800x546.jpg 800w, https:\/\/baoulecore.com\/wp-content\/uploads\/2025\/12\/aude_gold_200-13-300x205.jpg 300w, https:\/\/baoulecore.com\/wp-content\/uploads\/2025\/12\/aude_gold_200-13-768x524.jpg 768w, https:\/\/baoulecore.com\/wp-content\/uploads\/2025\/12\/aude_gold_200-13-1536x1048.jpg 1536w, https:\/\/baoulecore.com\/wp-content\/uploads\/2025\/12\/aude_gold_200-13-18x12.jpg 18w, https:\/\/baoulecore.com\/wp-content\/uploads\/2025\/12\/aude_gold_200-13-1320x900.jpg 1320w, https:\/\/baoulecore.com\/wp-content\/uploads\/2025\/12\/aude_gold_200-13.jpg 2048w\" sizes=\"auto, (max-width: 1024px) 100vw, 1024px\" \/><span aria-hidden=\"true\" class=\"wp-block-cover__background has-theme-5-background-color has-background-dim-0 has-background-dim\"><\/span><div class=\"wp-block-cover__inner-container is-layout-constrained wp-container-core-cover-is-layout-03798b93 wp-block-cover-is-layout-constrained\">\n<div style=\"height:var(--wp--preset--spacing--50)\" aria-hidden=\"true\" class=\"wp-block-spacer\"><\/div>\n\n\n\n<div class=\"wp-block-group is-layout-constrained wp-block-group-is-layout-constrained\">\n<p class=\"has-text-align-center has-ast-global-color-4-color has-text-color has-link-color wp-elements-a15d969bda135a6c4f2be6ba4a28573d\" style=\"font-size:30px\"><\/p>\n\n\n\n<h2 class=\"wp-block-heading has-text-align-center has-ast-global-color-4-color has-text-color has-link-color has-large-font-size wp-elements-1fa94da498fb698e1a6d842fa0a57364\">nous contacter<\/h2>\n\n\n\n<p class=\"has-text-align-center has-ast-global-color-4-color has-text-color has-link-color has-medium-font-size wp-elements-87a3f387612309e820b5c1b3ba90d527\">Avez-vous un bac de disques qui prend la poussi\u00e8re dans une maison familiale ? Une histoire qui m\u00e9rite d&rsquo;\u00eatre immortalis\u00e9e ? Ou peut-\u00eatre souhaitez-vous franchir le seuil de l&rsquo;archive pour ressentir le craquement du vinyle. Des visites priv\u00e9es \u00e0 l&rsquo;acquisition de collections vintage, l&rsquo;equipe baoulecore est \u00e0 votre \u00e9coute. <\/p>\n\n\n\n<div style=\"height:0px\" aria-hidden=\"true\" class=\"wp-block-spacer\"><\/div>\n\n\n\n<div class=\"wp-block-buttons is-content-justification-center is-layout-flex wp-container-core-buttons-is-layout-a89b3969 wp-block-buttons-is-layout-flex\">\n<div class=\"wp-block-button\"><a class=\"wp-block-button__link wp-element-button\" href=\"https:\/\/api.whatsapp.com\/send?phone=https:\/\/wa.me\/2250702766938\" target=\"_blank\" rel=\"noopener\">whatsapp<\/a><\/div>\n\n\n\n<div class=\"wp-block-button\"><a class=\"wp-block-button__link wp-element-button\" href=\"https:\/\/www.instagram.com\/baoulecore\/\" target=\"_blank\" rel=\"noopener\">instagram<\/a><\/div>\n\n\n\n<div class=\"wp-block-button\"><a class=\"wp-block-button__link wp-element-button\" href=\"https:\/\/web.facebook.com\/people\/baoulecore\/61565095617869\/#\" target=\"_blank\" rel=\"noopener\">facebook<\/a><\/div>\n\n\n\n<div class=\"wp-block-button\"><a class=\"wp-block-button__link wp-element-button\" href=\"mailto:baoulecore.archive@gmail.com\">mail<\/a><\/div>\n<\/div>\n\n\n\n<div style=\"height:100px\" aria-hidden=\"true\" class=\"wp-block-spacer\"><\/div>\n<\/div>\n<\/div><\/div>\n\n\n\n<p><\/p>\n","protected":false},"excerpt":{"rendered":"","protected":false},"author":1,"featured_media":0,"parent":3620,"menu_order":0,"comment_status":"closed","ping_status":"closed","template":"","meta":{"site-sidebar-layout":"default","site-content-layout":"","ast-site-content-layout":"default","site-content-style":"default","site-sidebar-style":"default","ast-global-header-display":"","ast-banner-title-visibility":"","ast-main-header-display":"","ast-hfb-above-header-display":"","ast-hfb-below-header-display":"","ast-hfb-mobile-header-display":"","site-post-title":"disabled","ast-breadcrumbs-content":"","ast-featured-img":"","footer-sml-layout":"","ast-disable-related-posts":"","theme-transparent-header-meta":"","adv-header-id-meta":"","stick-header-meta":"","header-above-stick-meta":"","header-main-stick-meta":"","header-below-stick-meta":"","astra-migrate-meta-layouts":"default","ast-page-background-enabled":"default","ast-page-background-meta":{"desktop":{"background-color":"var(--ast-global-color-5)","background-image":"","background-repeat":"repeat","background-position":"center center","background-size":"auto","background-attachment":"scroll","background-type":"","background-media":"","overlay-type":"","overlay-color":"","overlay-opacity":"","overlay-gradient":""},"tablet":{"background-color":"","background-image":"","background-repeat":"repeat","background-position":"center center","background-size":"auto","background-attachment":"scroll","background-type":"","background-media":"","overlay-type":"","overlay-color":"","overlay-opacity":"","overlay-gradient":""},"mobile":{"background-color":"","background-image":"","background-repeat":"repeat","background-position":"center center","background-size":"auto","background-attachment":"scroll","background-type":"","background-media":"","overlay-type":"","overlay-color":"","overlay-opacity":"","overlay-gradient":""}},"ast-content-background-meta":{"desktop":{"background-color":"var(--ast-global-color-4)","background-image":"","background-repeat":"repeat","background-position":"center center","background-size":"auto","background-attachment":"scroll","background-type":"","background-media":"","overlay-type":"","overlay-color":"","overlay-opacity":"","overlay-gradient":""},"tablet":{"background-color":"var(--ast-global-color-4)","background-image":"","background-repeat":"repeat","background-position":"center center","background-size":"auto","background-attachment":"scroll","background-type":"","background-media":"","overlay-type":"","overlay-color":"","overlay-opacity":"","overlay-gradient":""},"mobile":{"background-color":"var(--ast-global-color-4)","background-image":"","background-repeat":"repeat","background-position":"center center","background-size":"auto","background-attachment":"scroll","background-type":"","background-media":"","overlay-type":"","overlay-color":"","overlay-opacity":"","overlay-gradient":""}},"footnotes":""},"class_list":["post-3630","page","type-page","status-publish","hentry"],"_links":{"self":[{"href":"https:\/\/baoulecore.com\/fr\/wp-json\/wp\/v2\/pages\/3630","targetHints":{"allow":["GET"]}}],"collection":[{"href":"https:\/\/baoulecore.com\/fr\/wp-json\/wp\/v2\/pages"}],"about":[{"href":"https:\/\/baoulecore.com\/fr\/wp-json\/wp\/v2\/types\/page"}],"author":[{"embeddable":true,"href":"https:\/\/baoulecore.com\/fr\/wp-json\/wp\/v2\/users\/1"}],"replies":[{"embeddable":true,"href":"https:\/\/baoulecore.com\/fr\/wp-json\/wp\/v2\/comments?post=3630"}],"version-history":[{"count":28,"href":"https:\/\/baoulecore.com\/fr\/wp-json\/wp\/v2\/pages\/3630\/revisions"}],"predecessor-version":[{"id":5123,"href":"https:\/\/baoulecore.com\/fr\/wp-json\/wp\/v2\/pages\/3630\/revisions\/5123"}],"up":[{"embeddable":true,"href":"https:\/\/baoulecore.com\/fr\/wp-json\/wp\/v2\/pages\/3620"}],"wp:attachment":[{"href":"https:\/\/baoulecore.com\/fr\/wp-json\/wp\/v2\/media?parent=3630"}],"curies":[{"name":"wp","href":"https:\/\/api.w.org\/{rel}","templated":true}]}}