{"id":3620,"date":"2025-12-23T10:48:23","date_gmt":"2025-12-23T10:48:23","guid":{"rendered":"https:\/\/baoulecore.com\/?page_id=3620"},"modified":"2026-03-08T20:28:55","modified_gmt":"2026-03-08T20:28:55","slug":"nous","status":"publish","type":"page","link":"https:\/\/baoulecore.com\/fr\/nous\/","title":{"rendered":"nous"},"content":{"rendered":"<style>.kadence-column3620_e9dfbf-67 > .kt-inside-inner-col{display:flex;}.kadence-column3620_e9dfbf-67 > .kt-inside-inner-col{padding-top:var(--global-kb-spacing-lg, 3rem);padding-right:var(--global-kb-spacing-lg, 3rem);padding-bottom:var(--global-kb-spacing-lg, 3rem);padding-left:var(--global-kb-spacing-lg, 3rem);}.kadence-column3620_e9dfbf-67 > .kt-inside-inner-col,.kadence-column3620_e9dfbf-67 > .kt-inside-inner-col:before{border-top-left-radius:0px;border-top-right-radius:0px;border-bottom-right-radius:0px;border-bottom-left-radius:0px;}.kadence-column3620_e9dfbf-67 > .kt-inside-inner-col{row-gap:var(--global-kb-gap-md, 2rem);column-gap:var(--global-kb-gap-sm, 1rem);}.kadence-column3620_e9dfbf-67 > .kt-inside-inner-col{flex-direction:column;}.kadence-column3620_e9dfbf-67 > .kt-inside-inner-col > .aligncenter{width:100%;}.kadence-column3620_e9dfbf-67 > .kt-inside-inner-col:before{opacity:0.3;}.kadence-column3620_e9dfbf-67{position:relative;}@media all and (max-width: 1024px){.kadence-column3620_e9dfbf-67 > .kt-inside-inner-col{flex-direction:column;justify-content:center;}}@media all and (max-width: 767px){.kadence-column3620_e9dfbf-67 > .kt-inside-inner-col{padding-top:var(--global-kb-spacing-xxs, 0.5rem);padding-right:var(--global-kb-spacing-xxs, 0.5rem);padding-bottom:var(--global-kb-spacing-xxs, 0.5rem);padding-left:var(--global-kb-spacing-xxs, 0.5rem);flex-direction:column;justify-content:center;}}<\/style>\n<div class=\"wp-block-kadence-column kadence-column3620_e9dfbf-67\"><div class=\"kt-inside-inner-col\"><style>.wp-block-kadence-advancedheading.kt-adv-heading3620_4d9ad6-a2, .wp-block-kadence-advancedheading.kt-adv-heading3620_4d9ad6-a2[data-kb-block=\"kb-adv-heading3620_4d9ad6-a2\"]{padding-top:0px;padding-right:0px;padding-bottom:0px;padding-left:0px;margin-top:0px;margin-right:0px;margin-bottom:0px;margin-left:0px;font-style:normal;text-transform:uppercase;}.wp-block-kadence-advancedheading.kt-adv-heading3620_4d9ad6-a2 mark.kt-highlight, .wp-block-kadence-advancedheading.kt-adv-heading3620_4d9ad6-a2[data-kb-block=\"kb-adv-heading3620_4d9ad6-a2\"] mark.kt-highlight{font-style:normal;color:#f76a0c;-webkit-box-decoration-break:clone;box-decoration-break:clone;padding-top:0px;padding-right:0px;padding-bottom:0px;padding-left:0px;}.wp-block-kadence-advancedheading.kt-adv-heading3620_4d9ad6-a2 img.kb-inline-image, .wp-block-kadence-advancedheading.kt-adv-heading3620_4d9ad6-a2[data-kb-block=\"kb-adv-heading3620_4d9ad6-a2\"] img.kb-inline-image{width:150px;vertical-align:baseline;}<\/style>\n<h2 class=\"kt-adv-heading3620_4d9ad6-a2 wp-block-kadence-advancedheading\" data-kb-block=\"kb-adv-heading3620_4d9ad6-a2\">Baoulecore : Une Archive Vivante<\/h2>\n\n\n<style>.wp-block-kadence-advancedheading.kt-adv-heading3620_bee921-ea, .wp-block-kadence-advancedheading.kt-adv-heading3620_bee921-ea[data-kb-block=\"kb-adv-heading3620_bee921-ea\"]{padding-top:0px;padding-right:0px;padding-bottom:0px;padding-left:0px;margin-top:0px;margin-right:0px;margin-bottom:0px;margin-left:0px;font-style:normal;text-transform:uppercase;}.wp-block-kadence-advancedheading.kt-adv-heading3620_bee921-ea mark.kt-highlight, .wp-block-kadence-advancedheading.kt-adv-heading3620_bee921-ea[data-kb-block=\"kb-adv-heading3620_bee921-ea\"] mark.kt-highlight{font-style:normal;color:#f76a0c;-webkit-box-decoration-break:clone;box-decoration-break:clone;padding-top:0px;padding-right:0px;padding-bottom:0px;padding-left:0px;}.wp-block-kadence-advancedheading.kt-adv-heading3620_bee921-ea img.kb-inline-image, .wp-block-kadence-advancedheading.kt-adv-heading3620_bee921-ea[data-kb-block=\"kb-adv-heading3620_bee921-ea\"] img.kb-inline-image{width:150px;vertical-align:baseline;}<\/style>\n<p class=\"kt-adv-heading3620_bee921-ea wp-block-kadence-advancedheading\" data-kb-block=\"kb-adv-heading3620_bee921-ea\">Au c\u0153ur d\u2019Abidjan, dans l&rsquo;effervescence du premier march\u00e9 coop\u00e9ratif dirig\u00e9 par des femmes, Baoulecore n&rsquo;est pas seulement un centre d&rsquo;archives. C\u2019est un carrefour vibrant o\u00f9 la m\u00e9moire musicale rencontre la cr\u00e9ation de demain. Nous sommes un laboratoire d\u2019\u00e9nergie collective, d\u00e9di\u00e9 \u00e0 la pr\u00e9servation et \u00e0 la transmission des r\u00e9cits qui font vibrer l\u2019Afrique et ses diasporas.<\/p>\n\n\n\n<figure class=\"wp-block-image size-large\"><img loading=\"lazy\" decoding=\"async\" width=\"1024\" height=\"691\" src=\"https:\/\/baoulecore.com\/wp-content\/uploads\/2025\/12\/aude_gold_200-3-1024x691.jpg\" alt=\"A Propos de Baoule Core Archive Center Record\" class=\"wp-image-3624\" srcset=\"https:\/\/baoulecore.com\/wp-content\/uploads\/2025\/12\/aude_gold_200-3-1024x691.jpg 1024w, https:\/\/baoulecore.com\/wp-content\/uploads\/2025\/12\/aude_gold_200-3-800x540.jpg 800w, https:\/\/baoulecore.com\/wp-content\/uploads\/2025\/12\/aude_gold_200-3-300x202.jpg 300w, https:\/\/baoulecore.com\/wp-content\/uploads\/2025\/12\/aude_gold_200-3-768x518.jpg 768w, https:\/\/baoulecore.com\/wp-content\/uploads\/2025\/12\/aude_gold_200-3-1536x1037.jpg 1536w, https:\/\/baoulecore.com\/wp-content\/uploads\/2025\/12\/aude_gold_200-3-18x12.jpg 18w, https:\/\/baoulecore.com\/wp-content\/uploads\/2025\/12\/aude_gold_200-3-1320x891.jpg 1320w, https:\/\/baoulecore.com\/wp-content\/uploads\/2025\/12\/aude_gold_200-3.jpg 2048w\" sizes=\"auto, (max-width: 1024px) 100vw, 1024px\" \/><\/figure>\n\n\n<style>.wp-block-kadence-advancedheading.kt-adv-heading3620_1824e1-18, .wp-block-kadence-advancedheading.kt-adv-heading3620_1824e1-18[data-kb-block=\"kb-adv-heading3620_1824e1-18\"]{padding-top:0px;padding-right:0px;padding-bottom:0px;padding-left:0px;margin-top:0px;margin-right:0px;margin-bottom:0px;margin-left:0px;font-style:normal;text-transform:uppercase;}.wp-block-kadence-advancedheading.kt-adv-heading3620_1824e1-18 mark.kt-highlight, .wp-block-kadence-advancedheading.kt-adv-heading3620_1824e1-18[data-kb-block=\"kb-adv-heading3620_1824e1-18\"] mark.kt-highlight{font-style:normal;color:#f76a0c;-webkit-box-decoration-break:clone;box-decoration-break:clone;padding-top:0px;padding-right:0px;padding-bottom:0px;padding-left:0px;}.wp-block-kadence-advancedheading.kt-adv-heading3620_1824e1-18 img.kb-inline-image, .wp-block-kadence-advancedheading.kt-adv-heading3620_1824e1-18[data-kb-block=\"kb-adv-heading3620_1824e1-18\"] img.kb-inline-image{width:150px;vertical-align:baseline;}<\/style>\n<p class=\"kt-adv-heading3620_1824e1-18 wp-block-kadence-advancedheading\" data-kb-block=\"kb-adv-heading3620_1824e1-18\">Ici, les objets respirent. Notre collection, riche de plus de 1 500 vinyles et 1 000 cassettes, est une mati\u00e8re vivante qui \u00e9volue au fil des dons, des recherches et des rencontres. Des p\u00e9pites oubli\u00e9es aux fanzines rares, chaque pi\u00e8ce de Baoulecore est une invitation \u00e0 ralentir, \u00e0 \u00e9couter et \u00e0 explorer les textures sonores de notre patrimoine.<\/p>\n\n\n\n<figure class=\"wp-block-image size-large\"><img loading=\"lazy\" decoding=\"async\" width=\"1024\" height=\"692\" src=\"https:\/\/baoulecore.com\/wp-content\/uploads\/2025\/12\/5-aude_gold_200-17-1024x692.jpg\" alt=\"Musiciens utilisant des \u00e9quipements audio dans les stuio de Baoulecore.\" class=\"wp-image-3653\" srcset=\"https:\/\/baoulecore.com\/wp-content\/uploads\/2025\/12\/5-aude_gold_200-17-1024x692.jpg 1024w, https:\/\/baoulecore.com\/wp-content\/uploads\/2025\/12\/5-aude_gold_200-17-800x541.jpg 800w, https:\/\/baoulecore.com\/wp-content\/uploads\/2025\/12\/5-aude_gold_200-17-300x203.jpg 300w, https:\/\/baoulecore.com\/wp-content\/uploads\/2025\/12\/5-aude_gold_200-17-768x519.jpg 768w, https:\/\/baoulecore.com\/wp-content\/uploads\/2025\/12\/5-aude_gold_200-17-1536x1038.jpg 1536w, https:\/\/baoulecore.com\/wp-content\/uploads\/2025\/12\/5-aude_gold_200-17-18x12.jpg 18w, https:\/\/baoulecore.com\/wp-content\/uploads\/2025\/12\/5-aude_gold_200-17-1320x892.jpg 1320w, https:\/\/baoulecore.com\/wp-content\/uploads\/2025\/12\/5-aude_gold_200-17.jpg 2048w\" sizes=\"auto, (max-width: 1024px) 100vw, 1024px\" \/><\/figure>\n\n\n<style>.wp-block-kadence-advancedheading.kt-adv-heading3620_10f89a-fe, .wp-block-kadence-advancedheading.kt-adv-heading3620_10f89a-fe[data-kb-block=\"kb-adv-heading3620_10f89a-fe\"]{padding-top:0px;padding-right:0px;padding-bottom:0px;padding-left:0px;margin-top:0px;margin-right:0px;margin-bottom:0px;margin-left:0px;font-style:normal;text-transform:uppercase;}.wp-block-kadence-advancedheading.kt-adv-heading3620_10f89a-fe mark.kt-highlight, .wp-block-kadence-advancedheading.kt-adv-heading3620_10f89a-fe[data-kb-block=\"kb-adv-heading3620_10f89a-fe\"] mark.kt-highlight{font-style:normal;color:#f76a0c;-webkit-box-decoration-break:clone;box-decoration-break:clone;padding-top:0px;padding-right:0px;padding-bottom:0px;padding-left:0px;}.wp-block-kadence-advancedheading.kt-adv-heading3620_10f89a-fe img.kb-inline-image, .wp-block-kadence-advancedheading.kt-adv-heading3620_10f89a-fe[data-kb-block=\"kb-adv-heading3620_10f89a-fe\"] img.kb-inline-image{width:150px;vertical-align:baseline;}<\/style>\n<p class=\"kt-adv-heading3620_10f89a-fe wp-block-kadence-advancedheading\" data-kb-block=\"kb-adv-heading3620_10f89a-fe\">le centre d&rsquo; archive est un espace de r\u00e9sonance pour les artistes, chercheurs, DJs et curieux. Au-del\u00e0 des s\u00e9ances d&rsquo;\u00e9coute et des sets, nous mettons notre expertise au service de la cr\u00e9ation contemporaine. Nous accompagnons les institutions, labels et cr\u00e9ateurs dans leurs recherches iconographiques et sonores, transformant les archives en nouveaux formats culturels ancr\u00e9s dans le r\u00e9el.<\/p>\n\n\n<style>.wp-block-kadence-advancedheading.kt-adv-heading3620_c9b926-bb, .wp-block-kadence-advancedheading.kt-adv-heading3620_c9b926-bb[data-kb-block=\"kb-adv-heading3620_c9b926-bb\"]{padding-top:0px;padding-right:0px;padding-bottom:0px;padding-left:0px;margin-top:0px;margin-right:0px;margin-bottom:0px;margin-left:0px;font-style:normal;text-transform:uppercase;}.wp-block-kadence-advancedheading.kt-adv-heading3620_c9b926-bb mark.kt-highlight, .wp-block-kadence-advancedheading.kt-adv-heading3620_c9b926-bb[data-kb-block=\"kb-adv-heading3620_c9b926-bb\"] mark.kt-highlight{font-style:normal;color:#f76a0c;-webkit-box-decoration-break:clone;box-decoration-break:clone;padding-top:0px;padding-right:0px;padding-bottom:0px;padding-left:0px;}.wp-block-kadence-advancedheading.kt-adv-heading3620_c9b926-bb img.kb-inline-image, .wp-block-kadence-advancedheading.kt-adv-heading3620_c9b926-bb[data-kb-block=\"kb-adv-heading3620_c9b926-bb\"] img.kb-inline-image{width:150px;vertical-align:baseline;}<\/style>\n<p class=\"kt-adv-heading3620_c9b926-bb wp-block-kadence-advancedheading\" data-kb-block=\"kb-adv-heading3620_c9b926-bb\">Que vous veniez pour d\u00e9nicher un son rare ou pour b\u00e2tir un projet visionnaire, Baoulecore est votre point de d\u00e9part.<\/p>\n<\/div><\/div>\n","protected":false},"excerpt":{"rendered":"<p>Baoulecore : Une Archive Vivante Au c\u0153ur d\u2019Abidjan, dans l&rsquo;effervescence du premier march\u00e9 coop\u00e9ratif dirig\u00e9 par des femmes, Baoulecore n&rsquo;est [&hellip;]<\/p>\n","protected":false},"author":1,"featured_media":3626,"parent":0,"menu_order":0,"comment_status":"closed","ping_status":"closed","template":"","meta":{"site-sidebar-layout":"default","site-content-layout":"","ast-site-content-layout":"default","site-content-style":"default","site-sidebar-style":"default","ast-global-header-display":"","ast-banner-title-visibility":"","ast-main-header-display":"","ast-hfb-above-header-display":"","ast-hfb-below-header-display":"","ast-hfb-mobile-header-display":"","site-post-title":"disabled","ast-breadcrumbs-content":"","ast-featured-img":"disabled","footer-sml-layout":"","ast-disable-related-posts":"","theme-transparent-header-meta":"","adv-header-id-meta":"","stick-header-meta":"","header-above-stick-meta":"","header-main-stick-meta":"","header-below-stick-meta":"","astra-migrate-meta-layouts":"default","ast-page-background-enabled":"default","ast-page-background-meta":{"desktop":{"background-color":"var(--ast-global-color-5)","background-image":"","background-repeat":"repeat","background-position":"center center","background-size":"auto","background-attachment":"scroll","background-type":"","background-media":"","overlay-type":"","overlay-color":"","overlay-opacity":"","overlay-gradient":""},"tablet":{"background-color":"","background-image":"","background-repeat":"repeat","background-position":"center center","background-size":"auto","background-attachment":"scroll","background-type":"","background-media":"","overlay-type":"","overlay-color":"","overlay-opacity":"","overlay-gradient":""},"mobile":{"background-color":"","background-image":"","background-repeat":"repeat","background-position":"center center","background-size":"auto","background-attachment":"scroll","background-type":"","background-media":"","overlay-type":"","overlay-color":"","overlay-opacity":"","overlay-gradient":""}},"ast-content-background-meta":{"desktop":{"background-color":"var(--ast-global-color-4)","background-image":"","background-repeat":"repeat","background-position":"center center","background-size":"auto","background-attachment":"scroll","background-type":"","background-media":"","overlay-type":"","overlay-color":"","overlay-opacity":"","overlay-gradient":""},"tablet":{"background-color":"var(--ast-global-color-4)","background-image":"","background-repeat":"repeat","background-position":"center center","background-size":"auto","background-attachment":"scroll","background-type":"","background-media":"","overlay-type":"","overlay-color":"","overlay-opacity":"","overlay-gradient":""},"mobile":{"background-color":"var(--ast-global-color-4)","background-image":"","background-repeat":"repeat","background-position":"center center","background-size":"auto","background-attachment":"scroll","background-type":"","background-media":"","overlay-type":"","overlay-color":"","overlay-opacity":"","overlay-gradient":""}},"footnotes":""},"class_list":["post-3620","page","type-page","status-publish","has-post-thumbnail","hentry"],"_links":{"self":[{"href":"https:\/\/baoulecore.com\/fr\/wp-json\/wp\/v2\/pages\/3620","targetHints":{"allow":["GET"]}}],"collection":[{"href":"https:\/\/baoulecore.com\/fr\/wp-json\/wp\/v2\/pages"}],"about":[{"href":"https:\/\/baoulecore.com\/fr\/wp-json\/wp\/v2\/types\/page"}],"author":[{"embeddable":true,"href":"https:\/\/baoulecore.com\/fr\/wp-json\/wp\/v2\/users\/1"}],"replies":[{"embeddable":true,"href":"https:\/\/baoulecore.com\/fr\/wp-json\/wp\/v2\/comments?post=3620"}],"version-history":[{"count":13,"href":"https:\/\/baoulecore.com\/fr\/wp-json\/wp\/v2\/pages\/3620\/revisions"}],"predecessor-version":[{"id":5143,"href":"https:\/\/baoulecore.com\/fr\/wp-json\/wp\/v2\/pages\/3620\/revisions\/5143"}],"wp:featuredmedia":[{"embeddable":true,"href":"https:\/\/baoulecore.com\/fr\/wp-json\/wp\/v2\/media\/3626"}],"wp:attachment":[{"href":"https:\/\/baoulecore.com\/fr\/wp-json\/wp\/v2\/media?parent=3620"}],"curies":[{"name":"wp","href":"https:\/\/api.w.org\/{rel}","templated":true}]}}