{"id":4025,"date":"2025-12-31T12:51:21","date_gmt":"2025-12-31T12:51:21","guid":{"rendered":"https:\/\/baoulecore.com\/baoulecore-x-sandrofia-small\/"},"modified":"2026-03-31T06:17:23","modified_gmt":"2026-03-31T06:17:23","slug":"baoulecore-x-sandrofia-small","status":"publish","type":"product","link":"https:\/\/baoulecore.com\/en\/product\/baoulecore-x-sandrofia-small\/","title":{"rendered":"The Baoulecore x Sandrofia Arts | \u201cPotomo Waka\u201d Collector Edition"},"content":{"rendered":"","protected":false},"excerpt":{"rendered":"<p>\nUn ensemble d\u2019archives curatoriales cr\u00e9\u00e9 en collaboration avec Sandrofia Arts, \u00e0 la crois\u00e9e de l\u2019objet mus\u00e9al et de l\u2019artefact contemporain. Ce coffret place le lance-pierre (\u00ab Potomo Waka \u00bb) au centre \u2014 \u00e0 la fois objet, d\u00e9clencheur de m\u00e9moire et point de d\u00e9part d\u2019une exploration sonore et visuelle. Chaque bo\u00eete documente cette collaboration \u00e0 travers diff\u00e9rents m\u00e9diums, r\u00e9unissant culture imprim\u00e9e, enregistr\u00e9e et mat\u00e9rielle au sein d\u2019un ensemble unique et collectionnable.\n<\/p>\n<h3>CONTENU<\/h3>\n<ul>\n<li>1 lance-pierre authentifi\u00e9 (<em>Potomo Waka<\/em>)<\/li>\n<li>2 zines : <em>Baoulecore n\u00b01<\/em> &amp; <em>Potomo Waka<\/em><\/li>\n<li>1 cassette : talk <em>Entre h\u00e9ritages sonores et physiques<\/em> &amp; mix par African Diplomat<\/li>\n<li>10 cartes postales<\/li>\n<\/ul>\n<h3>DETAILS<\/h3>\n<ul>\n<li>Ensemble collector en m\u00e9dias mixtes<\/li>\n<li>Assembl\u00e9 \u00e0 la main \u00e0 Abidjan<\/li>\n<li>\u00c9dition limit\u00e9e \u00e0 10 ensembles<\/li>\n<\/ul>","protected":false},"featured_media":4024,"template":"","meta":{"site-sidebar-layout":"default","site-content-layout":"","ast-site-content-layout":"default","site-content-style":"default","site-sidebar-style":"default","ast-global-header-display":"","ast-banner-title-visibility":"","ast-main-header-display":"","ast-hfb-above-header-display":"","ast-hfb-below-header-display":"","ast-hfb-mobile-header-display":"","site-post-title":"","ast-breadcrumbs-content":"","ast-featured-img":"","footer-sml-layout":"","ast-disable-related-posts":"","theme-transparent-header-meta":"default","adv-header-id-meta":"","stick-header-meta":"","header-above-stick-meta":"","header-main-stick-meta":"","header-below-stick-meta":"","astra-migrate-meta-layouts":"set","ast-page-background-enabled":"default","ast-page-background-meta":{"desktop":{"background-color":"var(--ast-global-color-5)","background-image":"","background-repeat":"repeat","background-position":"center center","background-size":"auto","background-attachment":"scroll","background-type":"","background-media":"","overlay-type":"","overlay-color":"","overlay-opacity":"","overlay-gradient":""},"tablet":{"background-color":"","background-image":"","background-repeat":"repeat","background-position":"center center","background-size":"auto","background-attachment":"scroll","background-type":"","background-media":"","overlay-type":"","overlay-color":"","overlay-opacity":"","overlay-gradient":""},"mobile":{"background-color":"","background-image":"","background-repeat":"repeat","background-position":"center center","background-size":"auto","background-attachment":"scroll","background-type":"","background-media":"","overlay-type":"","overlay-color":"","overlay-opacity":"","overlay-gradient":""}},"ast-content-background-meta":{"desktop":{"background-color":"var(--ast-global-color-4)","background-image":"","background-repeat":"repeat","background-position":"center center","background-size":"auto","background-attachment":"scroll","background-type":"","background-media":"","overlay-type":"","overlay-color":"","overlay-opacity":"","overlay-gradient":""},"tablet":{"background-color":"var(--ast-global-color-4)","background-image":"","background-repeat":"repeat","background-position":"center center","background-size":"auto","background-attachment":"scroll","background-type":"","background-media":"","overlay-type":"","overlay-color":"","overlay-opacity":"","overlay-gradient":""},"mobile":{"background-color":"var(--ast-global-color-4)","background-image":"","background-repeat":"repeat","background-position":"center center","background-size":"auto","background-attachment":"scroll","background-type":"","background-media":"","overlay-type":"","overlay-color":"","overlay-opacity":"","overlay-gradient":""}}},"product_brand":[937],"product_cat":[982],"product_tag":[],"class_list":{"0":"post-4025","1":"product","2":"type-product","3":"status-publish","4":"has-post-thumbnail","6":"product_brand-baoulecore-sandrofia","7":"product_cat-merch-collabs","8":"desktop-align-left","9":"tablet-align-left","10":"mobile-align-left","12":"first","13":"instock","14":"taxable","15":"shipping-taxable","16":"purchasable","17":"product-type-variable"},"_links":{"self":[{"href":"https:\/\/baoulecore.com\/en\/wp-json\/wp\/v2\/product\/4025","targetHints":{"allow":["GET"]}}],"collection":[{"href":"https:\/\/baoulecore.com\/en\/wp-json\/wp\/v2\/product"}],"about":[{"href":"https:\/\/baoulecore.com\/en\/wp-json\/wp\/v2\/types\/product"}],"wp:featuredmedia":[{"embeddable":true,"href":"https:\/\/baoulecore.com\/en\/wp-json\/wp\/v2\/media\/4024"}],"wp:attachment":[{"href":"https:\/\/baoulecore.com\/en\/wp-json\/wp\/v2\/media?parent=4025"}],"wp:term":[{"taxonomy":"product_brand","embeddable":true,"href":"https:\/\/baoulecore.com\/en\/wp-json\/wp\/v2\/product_brand?post=4025"},{"taxonomy":"product_cat","embeddable":true,"href":"https:\/\/baoulecore.com\/en\/wp-json\/wp\/v2\/product_cat?post=4025"},{"taxonomy":"product_tag","embeddable":true,"href":"https:\/\/baoulecore.com\/en\/wp-json\/wp\/v2\/product_tag?post=4025"}],"curies":[{"name":"wp","href":"https:\/\/api.w.org\/{rel}","templated":true}]}}